{"id":1279,"date":"2024-03-26T12:21:05","date_gmt":"2024-03-26T12:21:05","guid":{"rendered":"https:\/\/casadolivreiro.pt\/?post_type=product&#038;p=1279"},"modified":"2026-01-11T15:27:49","modified_gmt":"2026-01-11T15:27:49","slug":"luisa-clara-de-portugal-a-flor-da-murta-biografia-1702-1779-alice-lazaro","status":"publish","type":"product","link":"https:\/\/casadolivreiro.pt\/index.php\/product\/luisa-clara-de-portugal-a-flor-da-murta-biografia-1702-1779-alice-lazaro\/","title":{"rendered":"LU\u00cdSA CLARA DE PORTUGAL: A FLOR DA MURTA, Biografia ( 1702-1779) &#8211; Alice L\u00e1zaro"},"content":{"rendered":"<p>LU\u00cdSA CLARA DE PORTUGAL: A FLOR DA MURTA, Biografia ( 1702-1779)<br \/>\nAlice L\u00e1zaro<br \/>\nISBN: 978-989-697-517-3<br \/>\nAno de edi\u00e7\u00e3o: 2012<br \/>\nEditor: Chiado Editora, Lisboa<br \/>\nIdioma: Portugu\u00eas<br \/>\nDimens\u00f5es: 13.8 x 4 x 22 cm<br \/>\nEncaderna\u00e7\u00e3o: Capa mole<br \/>\nP\u00e1ginas: 529<\/p>\n","protected":false},"excerpt":{"rendered":"<p>LU\u00cdSA CLARA DE PORTUGAL: A FLOR DA MURTA, Biografia ( 1702-1779) Alice L\u00e1zaro ISBN: 978-989-697-517-3 Ano de edi\u00e7\u00e3o: 2012 Editor: Chiado Editora, Lisboa Idioma: Portugu\u00eas Dimens\u00f5es: 13.8 x 4 x 22 cm Encaderna\u00e7\u00e3o: Capa mole P\u00e1ginas: 529<\/p>\n","protected":false},"featured_media":1280,"comment_status":"open","ping_status":"closed","template":"","meta":{"om_disable_all_campaigns":false,"_monsterinsights_skip_tracking":false,"_monsterinsights_sitenote_active":false,"_monsterinsights_sitenote_note":"","_monsterinsights_sitenote_category":0,"_uf_show_specific_survey":0,"_uf_disable_surveys":false},"product_cat":[28,30,25],"product_tag":[],"aioseo_notices":[],"jetpack_sharing_enabled":true,"_links":{"self":[{"href":"https:\/\/casadolivreiro.pt\/index.php\/wp-json\/wp\/v2\/product\/1279"}],"collection":[{"href":"https:\/\/casadolivreiro.pt\/index.php\/wp-json\/wp\/v2\/product"}],"about":[{"href":"https:\/\/casadolivreiro.pt\/index.php\/wp-json\/wp\/v2\/types\/product"}],"replies":[{"embeddable":true,"href":"https:\/\/casadolivreiro.pt\/index.php\/wp-json\/wp\/v2\/comments?post=1279"}],"wp:featuredmedia":[{"embeddable":true,"href":"https:\/\/casadolivreiro.pt\/index.php\/wp-json\/wp\/v2\/media\/1280"}],"wp:attachment":[{"href":"https:\/\/casadolivreiro.pt\/index.php\/wp-json\/wp\/v2\/media?parent=1279"}],"wp:term":[{"taxonomy":"product_cat","embeddable":true,"href":"https:\/\/casadolivreiro.pt\/index.php\/wp-json\/wp\/v2\/product_cat?post=1279"},{"taxonomy":"product_tag","embeddable":true,"href":"https:\/\/casadolivreiro.pt\/index.php\/wp-json\/wp\/v2\/product_tag?post=1279"}],"curies":[{"name":"wp","href":"https:\/\/api.w.org\/{rel}","templated":true}]}}