{"id":125,"date":"2024-03-02T19:46:22","date_gmt":"2024-03-02T19:46:22","guid":{"rendered":"https:\/\/casadolivreiro.pt\/?post_type=product&#038;p=125"},"modified":"2024-03-02T19:46:23","modified_gmt":"2024-03-02T19:46:23","slug":"as-aventuras-de-filipe-seems-ana-a-historia-do-tesouro-perdido-a-tribo-dos-sonhos-cruzados","status":"publish","type":"product","link":"https:\/\/casadolivreiro.pt\/index.php\/product\/as-aventuras-de-filipe-seems-ana-a-historia-do-tesouro-perdido-a-tribo-dos-sonhos-cruzados\/","title":{"rendered":"AS AVENTURAS DE FILIPE SEEMS, ANA, A HIST\u00d3RIA DO TESOURO PERDIDO, A TRIBO DOS SONHOS CRUZADOS"},"content":{"rendered":"<p>Nuno Artur Silva, Antonio Jorge Gon\u00e7alves<\/p>\n<p>Editor: Edi\u00e7\u00f5es Asa\u00a0 (2009)<br \/>\nISBN: 978-972-41-1212-1\u00a0 (ANA)<br \/>\n978-972-41-1534-4\u00a0 (A HIST\u00d3RIA DO TESOURO PERDIDO)<br \/>\n978-972-41-3599-1 ( A TRIBO DOS SONHOS CRUZADOS)<br \/>\nDimens\u00f5es: 23,7 x 33 cm<br \/>\nN\u00ba P\u00e1ginas: 64 \u00a0(cada livro)<br \/>\nEncaderna\u00e7\u00e3o: Capa dura<\/p>\n<p>&#8220;ANA&#8221;<br \/>\nAna L\u00f3gica, uma fot\u00f3grafa, procura Filipe Seems, detective particular, para encontrar uma rapariga igual a ela, g\u00e9mea que vira numa fotografia.<\/p>\n<p>&#8220;A HIST\u00d3RIA DO TESOURO PERDIDO&#8221;<br \/>\nUma mensagem numa garrafa encontrada na praia p\u00f5e Filipe Seems no rasto do mapa de um tesouro perdido.<\/p>\n<p>&#8220;A TRIBO DOS SONHOS CRUZADOS&#8221;<br \/>\nFilipe Seems est\u00e1 perturbado por sonhos enigm\u00e1ticos. Ana L\u00f3gica Est\u00e1 obcecada por fotografar o que n\u00e3o se v\u00ea.<\/p>\n<p>&#8221;CONSPIRA\u00c7\u00c3O&#8221;\u00a0-DVD \u00e9 parte integrante da edi\u00e7\u00e3o especial\u00a0 de As aventuras de Filipe Seems<\/p>\n<p>&nbsp;<\/p>\n","protected":false},"excerpt":{"rendered":"<p>Nuno Artur Silva, Antonio Jorge Gon\u00e7alves Editor: Edi\u00e7\u00f5es Asa\u00a0 (2009) ISBN: 978-972-41-1212-1\u00a0 (ANA) 978-972-41-1534-4\u00a0 (A HIST\u00d3RIA DO TESOURO PERDIDO) 978-972-41-3599-1 ( A TRIBO DOS SONHOS CRUZADOS) Dimens\u00f5es: 23,7 x 33 cm N\u00ba P\u00e1ginas: 64 \u00a0(cada livro) Encaderna\u00e7\u00e3o: Capa dura &#8220;ANA&#8221; Ana L\u00f3gica, uma fot\u00f3grafa, procura Filipe Seems, detective particular, para encontrar uma rapariga igual a [&hellip;]<\/p>\n","protected":false},"featured_media":126,"comment_status":"open","ping_status":"closed","template":"","meta":{"om_disable_all_campaigns":false,"_monsterinsights_skip_tracking":false,"_monsterinsights_sitenote_active":false,"_monsterinsights_sitenote_note":"","_monsterinsights_sitenote_category":0,"_uf_show_specific_survey":0,"_uf_disable_surveys":false},"product_cat":[24,35,62,63],"product_tag":[],"aioseo_notices":[],"jetpack_sharing_enabled":true,"_links":{"self":[{"href":"https:\/\/casadolivreiro.pt\/index.php\/wp-json\/wp\/v2\/product\/125"}],"collection":[{"href":"https:\/\/casadolivreiro.pt\/index.php\/wp-json\/wp\/v2\/product"}],"about":[{"href":"https:\/\/casadolivreiro.pt\/index.php\/wp-json\/wp\/v2\/types\/product"}],"replies":[{"embeddable":true,"href":"https:\/\/casadolivreiro.pt\/index.php\/wp-json\/wp\/v2\/comments?post=125"}],"wp:featuredmedia":[{"embeddable":true,"href":"https:\/\/casadolivreiro.pt\/index.php\/wp-json\/wp\/v2\/media\/126"}],"wp:attachment":[{"href":"https:\/\/casadolivreiro.pt\/index.php\/wp-json\/wp\/v2\/media?parent=125"}],"wp:term":[{"taxonomy":"product_cat","embeddable":true,"href":"https:\/\/casadolivreiro.pt\/index.php\/wp-json\/wp\/v2\/product_cat?post=125"},{"taxonomy":"product_tag","embeddable":true,"href":"https:\/\/casadolivreiro.pt\/index.php\/wp-json\/wp\/v2\/product_tag?post=125"}],"curies":[{"name":"wp","href":"https:\/\/api.w.org\/{rel}","templated":true}]}}