{"id":1226,"date":"2024-03-24T18:23:32","date_gmt":"2024-03-24T18:23:32","guid":{"rendered":"https:\/\/casadolivreiro.pt\/?post_type=product&#038;p=1226"},"modified":"2024-03-24T18:23:32","modified_gmt":"2024-03-24T18:23:32","slug":"lisa-historia-da-civilizacao-mundial-4-volumes-max-savelle-coordenador","status":"publish","type":"product","link":"https:\/\/casadolivreiro.pt\/index.php\/product\/lisa-historia-da-civilizacao-mundial-4-volumes-max-savelle-coordenador\/","title":{"rendered":"LISA \u2013 HIST\u00d3RIA DA CIVILIZA\u00c7\u00c3O MUNDIAL (4 Volumes) &#8211; Max Savelle, Coordenador"},"content":{"rendered":"<p>LISA \u2013 HIST\u00d3RIA DA CIVILIZA\u00c7\u00c3O MUNDIAL (4 Volumes)<br \/>\nMax Savelle, Coordenador<br \/>\nTradu\u00e7\u00e3o de Milton Amado<br \/>\nAno de edi\u00e7\u00e3o: 1971, 3.\u00aa Edi\u00e7\u00e3o<br \/>\nEditor: Lisa \u2013 Editora Irradiante S.A.<br \/>\nIdioma: Portugu\u00eas<br \/>\nDimens\u00f5es: 16.5\u00a0 x v\u00e1rios x 24 cm<br \/>\nEncaderna\u00e7\u00e3o: Capa dura<br \/>\nP\u00e1ginas: Vol. I- 503, Vol.II &#8211; 539, Vol III &#8211; 544, Vol. IV &#8211; 556 p\u00e1gs<\/p>\n<p>Volume 1- As Primeiras Culturas Humanas<br \/>\nVolumes 2- A Civiliza\u00e7\u00e3o Atl\u00e2ntica<br \/>\nVolumes 3- Os Tempos Modernos<br \/>\nVolumes 4- O Mundo em Que Vivemos<\/p>\n<p>Encaderna\u00e7\u00f5es em percalina com r\u00f3tulo e grava\u00e7\u00f5es a ouro nas lombadas e nas pastas anteriores. Ilustrados a preto e branco.<\/p>\n","protected":false},"excerpt":{"rendered":"<p>LISA \u2013 HIST\u00d3RIA DA CIVILIZA\u00c7\u00c3O MUNDIAL (4 Volumes) Max Savelle, Coordenador Tradu\u00e7\u00e3o de Milton Amado Ano de edi\u00e7\u00e3o: 1971, 3.\u00aa Edi\u00e7\u00e3o Editor: Lisa \u2013 Editora Irradiante S.A. Idioma: Portugu\u00eas Dimens\u00f5es: 16.5\u00a0 x v\u00e1rios x 24 cm Encaderna\u00e7\u00e3o: Capa dura P\u00e1ginas: Vol. I- 503, Vol.II &#8211; 539, Vol III &#8211; 544, Vol. IV &#8211; 556 p\u00e1gs [&hellip;]<\/p>\n","protected":false},"featured_media":1227,"comment_status":"open","ping_status":"closed","template":"","meta":{"om_disable_all_campaigns":false,"_monsterinsights_skip_tracking":false,"_monsterinsights_sitenote_active":false,"_monsterinsights_sitenote_note":"","_monsterinsights_sitenote_category":0,"_uf_show_specific_survey":0,"_uf_disable_surveys":false},"product_cat":[47,30],"product_tag":[],"aioseo_notices":[],"jetpack_sharing_enabled":true,"_links":{"self":[{"href":"https:\/\/casadolivreiro.pt\/index.php\/wp-json\/wp\/v2\/product\/1226"}],"collection":[{"href":"https:\/\/casadolivreiro.pt\/index.php\/wp-json\/wp\/v2\/product"}],"about":[{"href":"https:\/\/casadolivreiro.pt\/index.php\/wp-json\/wp\/v2\/types\/product"}],"replies":[{"embeddable":true,"href":"https:\/\/casadolivreiro.pt\/index.php\/wp-json\/wp\/v2\/comments?post=1226"}],"wp:featuredmedia":[{"embeddable":true,"href":"https:\/\/casadolivreiro.pt\/index.php\/wp-json\/wp\/v2\/media\/1227"}],"wp:attachment":[{"href":"https:\/\/casadolivreiro.pt\/index.php\/wp-json\/wp\/v2\/media?parent=1226"}],"wp:term":[{"taxonomy":"product_cat","embeddable":true,"href":"https:\/\/casadolivreiro.pt\/index.php\/wp-json\/wp\/v2\/product_cat?post=1226"},{"taxonomy":"product_tag","embeddable":true,"href":"https:\/\/casadolivreiro.pt\/index.php\/wp-json\/wp\/v2\/product_tag?post=1226"}],"curies":[{"name":"wp","href":"https:\/\/api.w.org\/{rel}","templated":true}]}}