{"id":1224,"date":"2024-03-24T18:19:46","date_gmt":"2024-03-24T18:19:46","guid":{"rendered":"https:\/\/casadolivreiro.pt\/?post_type=product&#038;p=1224"},"modified":"2026-01-11T14:39:18","modified_gmt":"2026-01-11T14:39:18","slug":"o-novo-atlas-do-mundo-seleccoes-do-readers-digest-mary-jane-hodges","status":"publish","type":"product","link":"https:\/\/casadolivreiro.pt\/index.php\/product\/o-novo-atlas-do-mundo-seleccoes-do-readers-digest-mary-jane-hodges\/","title":{"rendered":"O NOVO ATLAS DO MUNDO: Selec\u00e7\u00f5es do Reader\u2019s Digest &#8211; Mary Jane Hodges"},"content":{"rendered":"<p>O NOVO ATLAS DO MUNDO: Selec\u00e7\u00f5es do Reader\u2019s Digest<br \/>\nMary Jane Hodges<br \/>\nISBN: 972-609-041-5<br \/>\nAno de edi\u00e7\u00e3o: 1992<br \/>\nEditor: Selec\u00e7\u00f5es do Reader\u2019s Digest S.A.\u00a0 Lisboa<br \/>\nIdioma: Portugu\u00eas<br \/>\nDimens\u00f5es: 25\u00a0 x 2.3 x 38 cm<br \/>\nEncaderna\u00e7\u00e3o: Capa dura<br \/>\nP\u00e1ginas: 240<\/p>\n<p>Encaderna\u00e7\u00e3o do editor em percalina com grava\u00e7\u00e3o a ouro na pasta anterior e lombada.<\/p>\n<p>Profusamente ilustrado com mapas cartogr\u00e1ficos, fotografias a preto e branco e a cores, estampas, esquemas e gr\u00e1ficos.<\/p>\n","protected":false},"excerpt":{"rendered":"<p>O NOVO ATLAS DO MUNDO: Selec\u00e7\u00f5es do Reader\u2019s Digest Mary Jane Hodges ISBN: 972-609-041-5 Ano de edi\u00e7\u00e3o: 1992 Editor: Selec\u00e7\u00f5es do Reader\u2019s Digest S.A.\u00a0 Lisboa Idioma: Portugu\u00eas Dimens\u00f5es: 25\u00a0 x 2.3 x 38 cm Encaderna\u00e7\u00e3o: Capa dura P\u00e1ginas: 240 Encaderna\u00e7\u00e3o do editor em percalina com grava\u00e7\u00e3o a ouro na pasta anterior e lombada. Profusamente ilustrado [&hellip;]<\/p>\n","protected":false},"featured_media":1225,"comment_status":"open","ping_status":"closed","template":"","meta":{"om_disable_all_campaigns":false,"_monsterinsights_skip_tracking":false,"_monsterinsights_sitenote_active":false,"_monsterinsights_sitenote_note":"","_monsterinsights_sitenote_category":0,"_uf_show_specific_survey":0,"_uf_disable_surveys":false},"product_cat":[31,46,47],"product_tag":[],"aioseo_notices":[],"jetpack_sharing_enabled":true,"_links":{"self":[{"href":"https:\/\/casadolivreiro.pt\/index.php\/wp-json\/wp\/v2\/product\/1224"}],"collection":[{"href":"https:\/\/casadolivreiro.pt\/index.php\/wp-json\/wp\/v2\/product"}],"about":[{"href":"https:\/\/casadolivreiro.pt\/index.php\/wp-json\/wp\/v2\/types\/product"}],"replies":[{"embeddable":true,"href":"https:\/\/casadolivreiro.pt\/index.php\/wp-json\/wp\/v2\/comments?post=1224"}],"wp:featuredmedia":[{"embeddable":true,"href":"https:\/\/casadolivreiro.pt\/index.php\/wp-json\/wp\/v2\/media\/1225"}],"wp:attachment":[{"href":"https:\/\/casadolivreiro.pt\/index.php\/wp-json\/wp\/v2\/media?parent=1224"}],"wp:term":[{"taxonomy":"product_cat","embeddable":true,"href":"https:\/\/casadolivreiro.pt\/index.php\/wp-json\/wp\/v2\/product_cat?post=1224"},{"taxonomy":"product_tag","embeddable":true,"href":"https:\/\/casadolivreiro.pt\/index.php\/wp-json\/wp\/v2\/product_tag?post=1224"}],"curies":[{"name":"wp","href":"https:\/\/api.w.org\/{rel}","templated":true}]}}