{"id":1222,"date":"2024-03-24T18:16:31","date_gmt":"2024-03-24T18:16:31","guid":{"rendered":"https:\/\/casadolivreiro.pt\/?post_type=product&#038;p=1222"},"modified":"2024-03-24T18:16:31","modified_gmt":"2024-03-24T18:16:31","slug":"grande-atlas-mundial-seleccoes-do-readers-digest-frank-debenham-francisco-vasquesz-maure","status":"publish","type":"product","link":"https:\/\/casadolivreiro.pt\/index.php\/product\/grande-atlas-mundial-seleccoes-do-readers-digest-frank-debenham-francisco-vasquesz-maure\/","title":{"rendered":"GRANDE ATLAS MUNDIAL: Selec\u00e7\u00f5es do Reader\u2019s Digest &#8211; Frank Debenham, Francisco V\u00e1squesz Maure"},"content":{"rendered":"<p>GRANDE ATLAS MUNDIAL: Selec\u00e7\u00f5es do Reader\u2019s Digest<br \/>\nFrank Debenham, Francisco V\u00e1squesz Maure<br \/>\nAno de edi\u00e7\u00e3o: 1978<br \/>\nEditor: Selec\u00e7\u00f5es do Reader\u2019s Digest S.A.R.L. , Lisboa<br \/>\nIdioma: Portugu\u00eas<br \/>\nDimens\u00f5es: 27.5\u00a0 x 2.3 x 40 cm<br \/>\nEncaderna\u00e7\u00e3o: Capa dura<br \/>\nP\u00e1ginas: 184<\/p>\n<p>Encaderna\u00e7\u00e3o do editor com grava\u00e7\u00f5es a ouro na pasta anterior e lombada. Profusamente ilustrado a cores.<\/p>\n<p>Tem junto o ORBIS TERR\u00c6 COMPEMDIOSA DESCRIPTIO, desdobr\u00e1vel e a cores.<\/p>\n<p>Obra dividida em 5 partes: A primeira apresenta mapas orogr\u00e1ficos que mostram o planeta Terra tal como se apresentaria se fosse observado a 160 Km de altitude num c\u00e9u l\u00edmpido. S\u00e3o utilizadas t\u00e9cnicas alternativas \u00e0s habitualmente usadas na elabora\u00e7\u00e3o de mapas; Em seguida aparecem \u201cAs na\u00e7\u00f5es do Mundo\u201d em que cidades, vilas, rios e caminhos-de-ferro podem ser localizados gra\u00e7as \u00e0 gradua\u00e7\u00e3o das cores e a um texto claro e preciso; A terceira parte intitula-se \u201cO universo dos homens\u201d que destina-se a apresentar os corpos celestes, o mundo subterr\u00e2neo, e a evolu\u00e7\u00e3o da vida; Segue-se um curto cap\u00edtulo onde \u00e9 representado o sistema ecol\u00f3gico-geol\u00f3gico do planeta e a obra encerra com um \u00edndice geral de nomes geogr\u00e1ficos.<\/p>\n","protected":false},"excerpt":{"rendered":"<p>GRANDE ATLAS MUNDIAL: Selec\u00e7\u00f5es do Reader\u2019s Digest Frank Debenham, Francisco V\u00e1squesz Maure Ano de edi\u00e7\u00e3o: 1978 Editor: Selec\u00e7\u00f5es do Reader\u2019s Digest S.A.R.L. , Lisboa Idioma: Portugu\u00eas Dimens\u00f5es: 27.5\u00a0 x 2.3 x 40 cm Encaderna\u00e7\u00e3o: Capa dura P\u00e1ginas: 184 Encaderna\u00e7\u00e3o do editor com grava\u00e7\u00f5es a ouro na pasta anterior e lombada. Profusamente ilustrado a cores. Tem [&hellip;]<\/p>\n","protected":false},"featured_media":1223,"comment_status":"open","ping_status":"closed","template":"","meta":{"om_disable_all_campaigns":false,"_monsterinsights_skip_tracking":false,"_monsterinsights_sitenote_active":false,"_monsterinsights_sitenote_note":"","_monsterinsights_sitenote_category":0,"_uf_show_specific_survey":0,"_uf_disable_surveys":false},"product_cat":[31,46,47],"product_tag":[],"aioseo_notices":[],"jetpack_sharing_enabled":true,"_links":{"self":[{"href":"https:\/\/casadolivreiro.pt\/index.php\/wp-json\/wp\/v2\/product\/1222"}],"collection":[{"href":"https:\/\/casadolivreiro.pt\/index.php\/wp-json\/wp\/v2\/product"}],"about":[{"href":"https:\/\/casadolivreiro.pt\/index.php\/wp-json\/wp\/v2\/types\/product"}],"replies":[{"embeddable":true,"href":"https:\/\/casadolivreiro.pt\/index.php\/wp-json\/wp\/v2\/comments?post=1222"}],"wp:featuredmedia":[{"embeddable":true,"href":"https:\/\/casadolivreiro.pt\/index.php\/wp-json\/wp\/v2\/media\/1223"}],"wp:attachment":[{"href":"https:\/\/casadolivreiro.pt\/index.php\/wp-json\/wp\/v2\/media?parent=1222"}],"wp:term":[{"taxonomy":"product_cat","embeddable":true,"href":"https:\/\/casadolivreiro.pt\/index.php\/wp-json\/wp\/v2\/product_cat?post=1222"},{"taxonomy":"product_tag","embeddable":true,"href":"https:\/\/casadolivreiro.pt\/index.php\/wp-json\/wp\/v2\/product_tag?post=1222"}],"curies":[{"name":"wp","href":"https:\/\/api.w.org\/{rel}","templated":true}]}}