{"id":1217,"date":"2024-03-24T18:08:32","date_gmt":"2024-03-24T18:08:32","guid":{"rendered":"https:\/\/casadolivreiro.pt\/?post_type=product&#038;p=1217"},"modified":"2024-03-24T18:08:32","modified_gmt":"2024-03-24T18:08:32","slug":"o-grande-livro-ilustrado-do-bricolage-manual-repleto-de-ideias-para-resolver-muitos-problemas-do-lar-dietmar-lochner-peter-loeffler","status":"publish","type":"product","link":"https:\/\/casadolivreiro.pt\/index.php\/product\/o-grande-livro-ilustrado-do-bricolage-manual-repleto-de-ideias-para-resolver-muitos-problemas-do-lar-dietmar-lochner-peter-loeffler\/","title":{"rendered":"O GRANDE LIVRO ILUSTRADO DO BRICOLAGE:  Manual repleto de ideias para resolver muitos problemas do lar &#8211; Dietmar Lochner, Peter Loeffler"},"content":{"rendered":"<p>O GRANDE LIVRO ILUSTRADO DO BRICOLAGE:\u00a0 Manual repleto de ideias para resolver muitos problemas do lar<br \/>\nDietmar Lochner, Peter Loeffler<br \/>\nTradu\u00e7\u00e3o de Ana Maria Castanheira Nunes<br \/>\nAno de edi\u00e7\u00e3o: 1982<br \/>\nEditor: C\u00edrculo de Leitores, Lisboa<br \/>\nIdioma: Portugu\u00eas<br \/>\nDimens\u00f5es: 22 x 3 x 30 cm<br \/>\nEncaderna\u00e7\u00e3o: Capa dura<br \/>\nP\u00e1ginas: 315<\/p>\n<p>Profusamente ilustrado com fotografias, esquemas e tabelas. Obra contendo os conhecimentos fundamentais para a condu\u00e7\u00e3o de trabalhos manuais dom\u00e9sticos, apresentando as listas dos materiais necess\u00e1rios para a sua realiza\u00e7\u00e3o, fornecendo dicas de trabalho e ilustrando cada etapa do processo atrav\u00e9s de s\u00e9ries fotogr\u00e1ficas ou desenhadas. Engloba v\u00e1rias sugest\u00f5es de melhoramentos ou acabamentos para cada divis\u00e3o do lar, assim organizadas: Pintar e Envernizar; Os Pap\u00e9is de Parede; T\u00e9cnicas para amadores; Pequenos M\u00f3veis feitos em casa; Sugest\u00f5es para o Hall de entrada; Prateleiras e arm\u00e1rios; Mesas para v\u00e1rios fins; Novos assentos; Como construir camas; Paredes, Janelas e Portas; Soalhos e Tectos; Configura\u00e7\u00e3o do espa\u00e7o; Sonhos que se realizam; Jardins e Terra\u00e7os; Pequenos Arranjos em casa.<\/p>\n","protected":false},"excerpt":{"rendered":"<p>O GRANDE LIVRO ILUSTRADO DO BRICOLAGE:\u00a0 Manual repleto de ideias para resolver muitos problemas do lar Dietmar Lochner, Peter Loeffler Tradu\u00e7\u00e3o de Ana Maria Castanheira Nunes Ano de edi\u00e7\u00e3o: 1982 Editor: C\u00edrculo de Leitores, Lisboa Idioma: Portugu\u00eas Dimens\u00f5es: 22 x 3 x 30 cm Encaderna\u00e7\u00e3o: Capa dura P\u00e1ginas: 315 Profusamente ilustrado com fotografias, esquemas e [&hellip;]<\/p>\n","protected":false},"featured_media":1218,"comment_status":"open","ping_status":"closed","template":"","meta":{"om_disable_all_campaigns":false,"_monsterinsights_skip_tracking":false,"_monsterinsights_sitenote_active":false,"_monsterinsights_sitenote_note":"","_monsterinsights_sitenote_category":0,"_uf_show_specific_survey":0,"_uf_disable_surveys":false},"product_cat":[66],"product_tag":[],"aioseo_notices":[],"jetpack_sharing_enabled":true,"_links":{"self":[{"href":"https:\/\/casadolivreiro.pt\/index.php\/wp-json\/wp\/v2\/product\/1217"}],"collection":[{"href":"https:\/\/casadolivreiro.pt\/index.php\/wp-json\/wp\/v2\/product"}],"about":[{"href":"https:\/\/casadolivreiro.pt\/index.php\/wp-json\/wp\/v2\/types\/product"}],"replies":[{"embeddable":true,"href":"https:\/\/casadolivreiro.pt\/index.php\/wp-json\/wp\/v2\/comments?post=1217"}],"wp:featuredmedia":[{"embeddable":true,"href":"https:\/\/casadolivreiro.pt\/index.php\/wp-json\/wp\/v2\/media\/1218"}],"wp:attachment":[{"href":"https:\/\/casadolivreiro.pt\/index.php\/wp-json\/wp\/v2\/media?parent=1217"}],"wp:term":[{"taxonomy":"product_cat","embeddable":true,"href":"https:\/\/casadolivreiro.pt\/index.php\/wp-json\/wp\/v2\/product_cat?post=1217"},{"taxonomy":"product_tag","embeddable":true,"href":"https:\/\/casadolivreiro.pt\/index.php\/wp-json\/wp\/v2\/product_tag?post=1217"}],"curies":[{"name":"wp","href":"https:\/\/api.w.org\/{rel}","templated":true}]}}