{"id":1214,"date":"2024-03-24T18:05:18","date_gmt":"2024-03-24T18:05:18","guid":{"rendered":"https:\/\/casadolivreiro.pt\/?post_type=product&#038;p=1214"},"modified":"2024-03-24T18:05:18","modified_gmt":"2024-03-24T18:05:18","slug":"colliers-encyclopedia-with-bibliography-and-index-24-volumes-william-d-halsey-bernard-johnston","status":"publish","type":"product","link":"https:\/\/casadolivreiro.pt\/index.php\/product\/colliers-encyclopedia-with-bibliography-and-index-24-volumes-william-d-halsey-bernard-johnston\/","title":{"rendered":"COLLIER\u2019S ENCYCLOPEDIA with Bibliography and Index  ( 24 volumes) William D. Halsey, Bernard Johnston"},"content":{"rendered":"<p>COLLIER\u2019S ENCYCLOPEDIA with Bibliography and Index\u00a0 ( 24 volumes)<br \/>\nWilliam D. Halsey, Bernard Johnston<br \/>\nAno de edi\u00e7\u00e3o: 1989<br \/>\nEditor: Macmillan Educational Company, New York,<br \/>\nIdioma: Ingl\u00eas<br \/>\nDimens\u00f5es: 20 x v\u00e1rios x 27.5 cm<br \/>\nEncaderna\u00e7\u00e3o: Capa dura<br \/>\nP\u00e1ginas: v\u00e1rios<br \/>\nIllustrated, Black and White with Color photographs<\/p>\n","protected":false},"excerpt":{"rendered":"<p>COLLIER\u2019S ENCYCLOPEDIA with Bibliography and Index\u00a0 ( 24 volumes) William D. Halsey, Bernard Johnston Ano de edi\u00e7\u00e3o: 1989 Editor: Macmillan Educational Company, New York, Idioma: Ingl\u00eas Dimens\u00f5es: 20 x v\u00e1rios x 27.5 cm Encaderna\u00e7\u00e3o: Capa dura P\u00e1ginas: v\u00e1rios Illustrated, Black and White with Color photographs<\/p>\n","protected":false},"featured_media":1215,"comment_status":"open","ping_status":"closed","template":"","meta":{"om_disable_all_campaigns":false,"_monsterinsights_skip_tracking":false,"_monsterinsights_sitenote_active":false,"_monsterinsights_sitenote_note":"","_monsterinsights_sitenote_category":0,"_uf_show_specific_survey":0,"_uf_disable_surveys":false},"product_cat":[46],"product_tag":[],"aioseo_notices":[],"jetpack_sharing_enabled":true,"_links":{"self":[{"href":"https:\/\/casadolivreiro.pt\/index.php\/wp-json\/wp\/v2\/product\/1214"}],"collection":[{"href":"https:\/\/casadolivreiro.pt\/index.php\/wp-json\/wp\/v2\/product"}],"about":[{"href":"https:\/\/casadolivreiro.pt\/index.php\/wp-json\/wp\/v2\/types\/product"}],"replies":[{"embeddable":true,"href":"https:\/\/casadolivreiro.pt\/index.php\/wp-json\/wp\/v2\/comments?post=1214"}],"wp:featuredmedia":[{"embeddable":true,"href":"https:\/\/casadolivreiro.pt\/index.php\/wp-json\/wp\/v2\/media\/1215"}],"wp:attachment":[{"href":"https:\/\/casadolivreiro.pt\/index.php\/wp-json\/wp\/v2\/media?parent=1214"}],"wp:term":[{"taxonomy":"product_cat","embeddable":true,"href":"https:\/\/casadolivreiro.pt\/index.php\/wp-json\/wp\/v2\/product_cat?post=1214"},{"taxonomy":"product_tag","embeddable":true,"href":"https:\/\/casadolivreiro.pt\/index.php\/wp-json\/wp\/v2\/product_tag?post=1214"}],"curies":[{"name":"wp","href":"https:\/\/api.w.org\/{rel}","templated":true}]}}