{"id":1211,"date":"2024-03-24T17:48:45","date_gmt":"2024-03-24T17:48:45","guid":{"rendered":"https:\/\/casadolivreiro.pt\/?post_type=product&#038;p=1211"},"modified":"2024-03-24T17:48:45","modified_gmt":"2024-03-24T17:48:45","slug":"nova-enciclopedia-portuguesa-ediclube-26-vols","status":"publish","type":"product","link":"https:\/\/casadolivreiro.pt\/index.php\/product\/nova-enciclopedia-portuguesa-ediclube-26-vols\/","title":{"rendered":"NOVA ENCICLOP\u00c9DIA PORTUGUESA \u2013 EDICLUBE ( 26 Vols.)"},"content":{"rendered":"<p>NOVA ENCICLOP\u00c9DIA PORTUGUESA \u2013 EDICLUBE ( 26 Vols.)<br \/>\nAno de edi\u00e7\u00e3o: 1991<br \/>\nEditor: Ediclube, Lisboa<br \/>\nIdioma: Portugu\u00eas<br \/>\nDimens\u00f5es: 21.5\u00a0 x v\u00e1rios x 29.5 cm<br \/>\nEncaderna\u00e7\u00e3o: Capa dura<br \/>\nP\u00e1ginas: v\u00e1rios<\/p>\n<p>26 Volumes de 21,5&#215;29,5 cm. Com um total de 2503 p\u00e1gs. Encaderna\u00e7\u00f5es do editor em percalina com r\u00f3tulo e grava\u00e7\u00f5es a ouro nas lombadas, e grava\u00e7\u00f5es a ouro e duplas esquadrias nas pastas anteriores. Ilustrados com desenhos, gravuras, cartoons, pinturas, esquemas, mapas, quadros, tabelas, gr\u00e1ficos e fotografias a preto e branco e a cores. Impressos sobre papel encorpado.<\/p>\n","protected":false},"excerpt":{"rendered":"<p>NOVA ENCICLOP\u00c9DIA PORTUGUESA \u2013 EDICLUBE ( 26 Vols.) Ano de edi\u00e7\u00e3o: 1991 Editor: Ediclube, Lisboa Idioma: Portugu\u00eas Dimens\u00f5es: 21.5\u00a0 x v\u00e1rios x 29.5 cm Encaderna\u00e7\u00e3o: Capa dura P\u00e1ginas: v\u00e1rios 26 Volumes de 21,5&#215;29,5 cm. Com um total de 2503 p\u00e1gs. Encaderna\u00e7\u00f5es do editor em percalina com r\u00f3tulo e grava\u00e7\u00f5es a ouro nas lombadas, e grava\u00e7\u00f5es [&hellip;]<\/p>\n","protected":false},"featured_media":1213,"comment_status":"open","ping_status":"closed","template":"","meta":{"om_disable_all_campaigns":false,"_monsterinsights_skip_tracking":false,"_monsterinsights_sitenote_active":false,"_monsterinsights_sitenote_note":"","_monsterinsights_sitenote_category":0,"_uf_show_specific_survey":0,"_uf_disable_surveys":false},"product_cat":[46],"product_tag":[],"aioseo_notices":[],"jetpack_sharing_enabled":true,"_links":{"self":[{"href":"https:\/\/casadolivreiro.pt\/index.php\/wp-json\/wp\/v2\/product\/1211"}],"collection":[{"href":"https:\/\/casadolivreiro.pt\/index.php\/wp-json\/wp\/v2\/product"}],"about":[{"href":"https:\/\/casadolivreiro.pt\/index.php\/wp-json\/wp\/v2\/types\/product"}],"replies":[{"embeddable":true,"href":"https:\/\/casadolivreiro.pt\/index.php\/wp-json\/wp\/v2\/comments?post=1211"}],"wp:featuredmedia":[{"embeddable":true,"href":"https:\/\/casadolivreiro.pt\/index.php\/wp-json\/wp\/v2\/media\/1213"}],"wp:attachment":[{"href":"https:\/\/casadolivreiro.pt\/index.php\/wp-json\/wp\/v2\/media?parent=1211"}],"wp:term":[{"taxonomy":"product_cat","embeddable":true,"href":"https:\/\/casadolivreiro.pt\/index.php\/wp-json\/wp\/v2\/product_cat?post=1211"},{"taxonomy":"product_tag","embeddable":true,"href":"https:\/\/casadolivreiro.pt\/index.php\/wp-json\/wp\/v2\/product_tag?post=1211"}],"curies":[{"name":"wp","href":"https:\/\/api.w.org\/{rel}","templated":true}]}}