{"id":1178,"date":"2024-03-23T00:46:16","date_gmt":"2024-03-23T00:46:16","guid":{"rendered":"https:\/\/casadolivreiro.pt\/?post_type=product&#038;p=1178"},"modified":"2024-03-23T00:46:17","modified_gmt":"2024-03-23T00:46:17","slug":"mulheres-de-branco-frank-g-slaughter","status":"publish","type":"product","link":"https:\/\/casadolivreiro.pt\/index.php\/product\/mulheres-de-branco-frank-g-slaughter\/","title":{"rendered":"MULHERES DE BRANCO &#8211; Frank G. Slaughter"},"content":{"rendered":"<p>MULHERES DE BRANCO<br \/>\nFrank G. Slaughter<br \/>\nTradu\u00e7\u00e3o de A. Costa Macedo<br \/>\nAno de edi\u00e7\u00e3o: 1976<br \/>\nEditor: C\u00edrculo de Leitores, Lisboa<br \/>\nIdioma: Portugu\u00eas<br \/>\nDimens\u00f5es: 12 x 2.5 x 20 cm<br \/>\nEncaderna\u00e7\u00e3o: Capa dura<br \/>\nP\u00e1ginas: 350<\/p>\n","protected":false},"excerpt":{"rendered":"<p>MULHERES DE BRANCO Frank G. Slaughter Tradu\u00e7\u00e3o de A. Costa Macedo Ano de edi\u00e7\u00e3o: 1976 Editor: C\u00edrculo de Leitores, Lisboa Idioma: Portugu\u00eas Dimens\u00f5es: 12 x 2.5 x 20 cm Encaderna\u00e7\u00e3o: Capa dura P\u00e1ginas: 350<\/p>\n","protected":false},"featured_media":1179,"comment_status":"open","ping_status":"closed","template":"","meta":{"om_disable_all_campaigns":false,"_monsterinsights_skip_tracking":false,"_monsterinsights_sitenote_active":false,"_monsterinsights_sitenote_note":"","_monsterinsights_sitenote_category":0,"_uf_show_specific_survey":0,"_uf_disable_surveys":false},"product_cat":[26],"product_tag":[],"aioseo_notices":[],"jetpack_sharing_enabled":true,"_links":{"self":[{"href":"https:\/\/casadolivreiro.pt\/index.php\/wp-json\/wp\/v2\/product\/1178"}],"collection":[{"href":"https:\/\/casadolivreiro.pt\/index.php\/wp-json\/wp\/v2\/product"}],"about":[{"href":"https:\/\/casadolivreiro.pt\/index.php\/wp-json\/wp\/v2\/types\/product"}],"replies":[{"embeddable":true,"href":"https:\/\/casadolivreiro.pt\/index.php\/wp-json\/wp\/v2\/comments?post=1178"}],"wp:featuredmedia":[{"embeddable":true,"href":"https:\/\/casadolivreiro.pt\/index.php\/wp-json\/wp\/v2\/media\/1179"}],"wp:attachment":[{"href":"https:\/\/casadolivreiro.pt\/index.php\/wp-json\/wp\/v2\/media?parent=1178"}],"wp:term":[{"taxonomy":"product_cat","embeddable":true,"href":"https:\/\/casadolivreiro.pt\/index.php\/wp-json\/wp\/v2\/product_cat?post=1178"},{"taxonomy":"product_tag","embeddable":true,"href":"https:\/\/casadolivreiro.pt\/index.php\/wp-json\/wp\/v2\/product_tag?post=1178"}],"curies":[{"name":"wp","href":"https:\/\/api.w.org\/{rel}","templated":true}]}}