{"id":1166,"date":"2024-03-23T00:28:48","date_gmt":"2024-03-23T00:28:48","guid":{"rendered":"https:\/\/casadolivreiro.pt\/?post_type=product&#038;p=1166"},"modified":"2024-03-23T00:28:49","modified_gmt":"2024-03-23T00:28:49","slug":"bastardos-do-sol-seguido-de-os-pregos-urbano-tavares-rodrigues","status":"publish","type":"product","link":"https:\/\/casadolivreiro.pt\/index.php\/product\/bastardos-do-sol-seguido-de-os-pregos-urbano-tavares-rodrigues\/","title":{"rendered":"BASTARDOS DO SOL SEGUIDO DE OS PREGOS &#8211; Urbano Tavares Rodrigues"},"content":{"rendered":"<p>BASTARDOS DO SOL SEGUIDO DE OS PREGOS<br \/>\nUrbano Tavares Rodrigues<br \/>\nAno de edi\u00e7\u00e3o: 1974<br \/>\nEditor: C\u00edrculo de Leitores, Lisboa<br \/>\nIdioma: Portugu\u00eas<br \/>\nDimens\u00f5es: 12 x 2 x 20 cm<br \/>\nEncaderna\u00e7\u00e3o: Capa dura<br \/>\nP\u00e1ginas: 176<\/p>\n<p>&nbsp;<\/p>\n","protected":false},"excerpt":{"rendered":"<p>BASTARDOS DO SOL SEGUIDO DE OS PREGOS Urbano Tavares Rodrigues Ano de edi\u00e7\u00e3o: 1974 Editor: C\u00edrculo de Leitores, Lisboa Idioma: Portugu\u00eas Dimens\u00f5es: 12 x 2 x 20 cm Encaderna\u00e7\u00e3o: Capa dura P\u00e1ginas: 176 &nbsp;<\/p>\n","protected":false},"featured_media":1167,"comment_status":"open","ping_status":"closed","template":"","meta":{"om_disable_all_campaigns":false,"_monsterinsights_skip_tracking":false,"_monsterinsights_sitenote_active":false,"_monsterinsights_sitenote_note":"","_monsterinsights_sitenote_category":0,"_uf_show_specific_survey":0,"_uf_disable_surveys":false},"product_cat":[25],"product_tag":[],"aioseo_notices":[],"jetpack_sharing_enabled":true,"_links":{"self":[{"href":"https:\/\/casadolivreiro.pt\/index.php\/wp-json\/wp\/v2\/product\/1166"}],"collection":[{"href":"https:\/\/casadolivreiro.pt\/index.php\/wp-json\/wp\/v2\/product"}],"about":[{"href":"https:\/\/casadolivreiro.pt\/index.php\/wp-json\/wp\/v2\/types\/product"}],"replies":[{"embeddable":true,"href":"https:\/\/casadolivreiro.pt\/index.php\/wp-json\/wp\/v2\/comments?post=1166"}],"wp:featuredmedia":[{"embeddable":true,"href":"https:\/\/casadolivreiro.pt\/index.php\/wp-json\/wp\/v2\/media\/1167"}],"wp:attachment":[{"href":"https:\/\/casadolivreiro.pt\/index.php\/wp-json\/wp\/v2\/media?parent=1166"}],"wp:term":[{"taxonomy":"product_cat","embeddable":true,"href":"https:\/\/casadolivreiro.pt\/index.php\/wp-json\/wp\/v2\/product_cat?post=1166"},{"taxonomy":"product_tag","embeddable":true,"href":"https:\/\/casadolivreiro.pt\/index.php\/wp-json\/wp\/v2\/product_tag?post=1166"}],"curies":[{"name":"wp","href":"https:\/\/api.w.org\/{rel}","templated":true}]}}