{"id":1164,"date":"2024-03-23T00:25:38","date_gmt":"2024-03-23T00:25:38","guid":{"rendered":"https:\/\/casadolivreiro.pt\/?post_type=product&#038;p=1164"},"modified":"2024-03-23T00:25:39","modified_gmt":"2024-03-23T00:25:39","slug":"o-compromisso-elia-kazan","status":"publish","type":"product","link":"https:\/\/casadolivreiro.pt\/index.php\/product\/o-compromisso-elia-kazan\/","title":{"rendered":"O COMPROMISSO &#8211; Elia Kazan"},"content":{"rendered":"<p>O COMPROMISSO<br \/>\nElia Kazan<br \/>\nTradu\u00e7\u00e3o de Maria Teresa Ramos<br \/>\nAno de edi\u00e7\u00e3o: 1967?<br \/>\nEditor: C\u00edrculo de Leitores, Lisboa<br \/>\nIdioma: Portugu\u00eas<br \/>\nDimens\u00f5es: 12 x 3 x 20 cm<br \/>\nEncaderna\u00e7\u00e3o: Capa dura<br \/>\nP\u00e1ginas: 512<\/p>\n","protected":false},"excerpt":{"rendered":"<p>O COMPROMISSO Elia Kazan Tradu\u00e7\u00e3o de Maria Teresa Ramos Ano de edi\u00e7\u00e3o: 1967? Editor: C\u00edrculo de Leitores, Lisboa Idioma: Portugu\u00eas Dimens\u00f5es: 12 x 3 x 20 cm Encaderna\u00e7\u00e3o: Capa dura P\u00e1ginas: 512<\/p>\n","protected":false},"featured_media":1165,"comment_status":"open","ping_status":"closed","template":"","meta":{"om_disable_all_campaigns":false,"_monsterinsights_skip_tracking":false,"_monsterinsights_sitenote_active":false,"_monsterinsights_sitenote_note":"","_monsterinsights_sitenote_category":0,"_uf_show_specific_survey":0,"_uf_disable_surveys":false},"product_cat":[26],"product_tag":[],"aioseo_notices":[],"jetpack_sharing_enabled":true,"_links":{"self":[{"href":"https:\/\/casadolivreiro.pt\/index.php\/wp-json\/wp\/v2\/product\/1164"}],"collection":[{"href":"https:\/\/casadolivreiro.pt\/index.php\/wp-json\/wp\/v2\/product"}],"about":[{"href":"https:\/\/casadolivreiro.pt\/index.php\/wp-json\/wp\/v2\/types\/product"}],"replies":[{"embeddable":true,"href":"https:\/\/casadolivreiro.pt\/index.php\/wp-json\/wp\/v2\/comments?post=1164"}],"wp:featuredmedia":[{"embeddable":true,"href":"https:\/\/casadolivreiro.pt\/index.php\/wp-json\/wp\/v2\/media\/1165"}],"wp:attachment":[{"href":"https:\/\/casadolivreiro.pt\/index.php\/wp-json\/wp\/v2\/media?parent=1164"}],"wp:term":[{"taxonomy":"product_cat","embeddable":true,"href":"https:\/\/casadolivreiro.pt\/index.php\/wp-json\/wp\/v2\/product_cat?post=1164"},{"taxonomy":"product_tag","embeddable":true,"href":"https:\/\/casadolivreiro.pt\/index.php\/wp-json\/wp\/v2\/product_tag?post=1164"}],"curies":[{"name":"wp","href":"https:\/\/api.w.org\/{rel}","templated":true}]}}