{"id":1148,"date":"2024-03-22T23:59:56","date_gmt":"2024-03-22T23:59:56","guid":{"rendered":"https:\/\/casadolivreiro.pt\/?post_type=product&#038;p=1148"},"modified":"2024-03-22T23:59:56","modified_gmt":"2024-03-22T23:59:56","slug":"sabado-a-noite-e-domingo-de-manha-alan-sillitoe","status":"publish","type":"product","link":"https:\/\/casadolivreiro.pt\/index.php\/product\/sabado-a-noite-e-domingo-de-manha-alan-sillitoe\/","title":{"rendered":"S\u00c1BADO \u00c0 NOITE E DOMINGO DE MANH\u00c3 &#8211; Alan Sillitoe"},"content":{"rendered":"<p>S\u00c1BADO \u00c0 NOITE E DOMINGO DE MANH\u00c3<br \/>\nAlan Sillitoe<br \/>\nTradu\u00e7\u00e3o: Jos\u00e9 de S\u00e1 Caetano<br \/>\nAno de edi\u00e7\u00e3o: 1972?<br \/>\nEditor: C\u00edrculo de Leitores, Lisboa<br \/>\nIdioma: Portugu\u00eas<br \/>\nDimens\u00f5es: 12 x 2.2 x 20 cm<br \/>\nEncaderna\u00e7\u00e3o: Capa dura<br \/>\nP\u00e1ginas: 279<\/p>\n","protected":false},"excerpt":{"rendered":"<p>S\u00c1BADO \u00c0 NOITE E DOMINGO DE MANH\u00c3 Alan Sillitoe Tradu\u00e7\u00e3o: Jos\u00e9 de S\u00e1 Caetano Ano de edi\u00e7\u00e3o: 1972? Editor: C\u00edrculo de Leitores, Lisboa Idioma: Portugu\u00eas Dimens\u00f5es: 12 x 2.2 x 20 cm Encaderna\u00e7\u00e3o: Capa dura P\u00e1ginas: 279<\/p>\n","protected":false},"featured_media":1149,"comment_status":"open","ping_status":"closed","template":"","meta":{"om_disable_all_campaigns":false,"_monsterinsights_skip_tracking":false,"_monsterinsights_sitenote_active":false,"_monsterinsights_sitenote_note":"","_monsterinsights_sitenote_category":0,"_uf_show_specific_survey":0,"_uf_disable_surveys":false},"product_cat":[26],"product_tag":[],"aioseo_notices":[],"jetpack_sharing_enabled":true,"_links":{"self":[{"href":"https:\/\/casadolivreiro.pt\/index.php\/wp-json\/wp\/v2\/product\/1148"}],"collection":[{"href":"https:\/\/casadolivreiro.pt\/index.php\/wp-json\/wp\/v2\/product"}],"about":[{"href":"https:\/\/casadolivreiro.pt\/index.php\/wp-json\/wp\/v2\/types\/product"}],"replies":[{"embeddable":true,"href":"https:\/\/casadolivreiro.pt\/index.php\/wp-json\/wp\/v2\/comments?post=1148"}],"wp:featuredmedia":[{"embeddable":true,"href":"https:\/\/casadolivreiro.pt\/index.php\/wp-json\/wp\/v2\/media\/1149"}],"wp:attachment":[{"href":"https:\/\/casadolivreiro.pt\/index.php\/wp-json\/wp\/v2\/media?parent=1148"}],"wp:term":[{"taxonomy":"product_cat","embeddable":true,"href":"https:\/\/casadolivreiro.pt\/index.php\/wp-json\/wp\/v2\/product_cat?post=1148"},{"taxonomy":"product_tag","embeddable":true,"href":"https:\/\/casadolivreiro.pt\/index.php\/wp-json\/wp\/v2\/product_tag?post=1148"}],"curies":[{"name":"wp","href":"https:\/\/api.w.org\/{rel}","templated":true}]}}