{"id":1146,"date":"2024-03-22T23:56:43","date_gmt":"2024-03-22T23:56:43","guid":{"rendered":"https:\/\/casadolivreiro.pt\/?post_type=product&#038;p=1146"},"modified":"2024-03-22T23:56:43","modified_gmt":"2024-03-22T23:56:43","slug":"o-premio-irving-wallace","status":"publish","type":"product","link":"https:\/\/casadolivreiro.pt\/index.php\/product\/o-premio-irving-wallace\/","title":{"rendered":"O PR\u00c9MIO &#8211; Irving Wallace"},"content":{"rendered":"<p>O PR\u00c9MIO<br \/>\nIrving Wallace<br \/>\nTradu\u00e7\u00e3o de Maria Isabel Morna Braga<br \/>\nAno de edi\u00e7\u00e3o: 1972<br \/>\nEditor: C\u00edrculo de Leitores, Lisboa<br \/>\nIdioma: Portugu\u00eas<br \/>\nDimens\u00f5es: 12 x 5 x 20 cm<br \/>\nEncaderna\u00e7\u00e3o: Capa dura<br \/>\nP\u00e1ginas: 747<\/p>\n<p>Sinopse:<\/p>\n<p>Trata-se de um romance americano escrito em 1961 que se debru\u00e7a sobre a entrega dos conhecidos e famosos pr\u00e9mios Nobel. O livro come\u00e7a por descrever com min\u00facia o ambiente familiar e profissional que envolve as personagens laureadas pelo Pr\u00e9mio naquele ano que julgamos, por dados fornecidos ao longo do texto, ser os in\u00edcios da d\u00e9cada de 60 &#8211; e s\u00f3 depois a ac\u00e7\u00e3o se desloca para a capital sueca, Estocolmo, onde essa entrega ter\u00e1 lugar.<\/p>\n<p>J\u00e1 em Estocolmo, a intriga adensa-se com alguns incidentes que ocorrem durante as iniciativas do programa da semana do Nobel.<\/p>\n","protected":false},"excerpt":{"rendered":"<p>O PR\u00c9MIO Irving Wallace Tradu\u00e7\u00e3o de Maria Isabel Morna Braga Ano de edi\u00e7\u00e3o: 1972 Editor: C\u00edrculo de Leitores, Lisboa Idioma: Portugu\u00eas Dimens\u00f5es: 12 x 5 x 20 cm Encaderna\u00e7\u00e3o: Capa dura P\u00e1ginas: 747 Sinopse: Trata-se de um romance americano escrito em 1961 que se debru\u00e7a sobre a entrega dos conhecidos e famosos pr\u00e9mios Nobel. O [&hellip;]<\/p>\n","protected":false},"featured_media":1147,"comment_status":"open","ping_status":"closed","template":"","meta":{"om_disable_all_campaigns":false,"_monsterinsights_skip_tracking":false,"_monsterinsights_sitenote_active":false,"_monsterinsights_sitenote_note":"","_monsterinsights_sitenote_category":0,"_uf_show_specific_survey":0,"_uf_disable_surveys":false},"product_cat":[26],"product_tag":[],"aioseo_notices":[],"jetpack_sharing_enabled":true,"_links":{"self":[{"href":"https:\/\/casadolivreiro.pt\/index.php\/wp-json\/wp\/v2\/product\/1146"}],"collection":[{"href":"https:\/\/casadolivreiro.pt\/index.php\/wp-json\/wp\/v2\/product"}],"about":[{"href":"https:\/\/casadolivreiro.pt\/index.php\/wp-json\/wp\/v2\/types\/product"}],"replies":[{"embeddable":true,"href":"https:\/\/casadolivreiro.pt\/index.php\/wp-json\/wp\/v2\/comments?post=1146"}],"wp:featuredmedia":[{"embeddable":true,"href":"https:\/\/casadolivreiro.pt\/index.php\/wp-json\/wp\/v2\/media\/1147"}],"wp:attachment":[{"href":"https:\/\/casadolivreiro.pt\/index.php\/wp-json\/wp\/v2\/media?parent=1146"}],"wp:term":[{"taxonomy":"product_cat","embeddable":true,"href":"https:\/\/casadolivreiro.pt\/index.php\/wp-json\/wp\/v2\/product_cat?post=1146"},{"taxonomy":"product_tag","embeddable":true,"href":"https:\/\/casadolivreiro.pt\/index.php\/wp-json\/wp\/v2\/product_tag?post=1146"}],"curies":[{"name":"wp","href":"https:\/\/api.w.org\/{rel}","templated":true}]}}