{"id":1144,"date":"2024-03-22T23:47:16","date_gmt":"2024-03-22T23:47:16","guid":{"rendered":"https:\/\/casadolivreiro.pt\/?post_type=product&#038;p=1144"},"modified":"2024-03-22T23:47:33","modified_gmt":"2024-03-22T23:47:33","slug":"o-veu-pintado-w-somerset-maugham","status":"publish","type":"product","link":"https:\/\/casadolivreiro.pt\/index.php\/product\/o-veu-pintado-w-somerset-maugham\/","title":{"rendered":"O V\u00c9U PINTADO &#8211; W. Somerset Maugham"},"content":{"rendered":"<p>O V\u00c9U PINTADO<br \/>\nW. Somerset Maugham<br \/>\nTradu\u00e7\u00e3o de Hamilcar de Garcia<br \/>\nNo. 2\u00a0 &#8211; Colec\u00e7\u00e3o MINIATURA\u00a0 &#8211; Ano de edi\u00e7\u00e3o: (1951 \u2013 1967 170 n\u00fameros)<br \/>\nEditor: Edi\u00e7\u00e3o Livros do Brasil, Lisboa<br \/>\nIdioma: Portugu\u00eas<br \/>\nDimens\u00f5es: 11 x v\u00e1rios x 16 cm<br \/>\nEncaderna\u00e7\u00e3o: Capa dura<br \/>\nP\u00e1ginas: 215<\/p>\n","protected":false},"excerpt":{"rendered":"<p>O V\u00c9U PINTADO W. Somerset Maugham Tradu\u00e7\u00e3o de Hamilcar de Garcia No. 2\u00a0 &#8211; Colec\u00e7\u00e3o MINIATURA\u00a0 &#8211; Ano de edi\u00e7\u00e3o: (1951 \u2013 1967 170 n\u00fameros) Editor: Edi\u00e7\u00e3o Livros do Brasil, Lisboa Idioma: Portugu\u00eas Dimens\u00f5es: 11 x v\u00e1rios x 16 cm Encaderna\u00e7\u00e3o: Capa dura P\u00e1ginas: 215<\/p>\n","protected":false},"featured_media":1145,"comment_status":"open","ping_status":"closed","template":"","meta":{"om_disable_all_campaigns":false,"_monsterinsights_skip_tracking":false,"_monsterinsights_sitenote_active":false,"_monsterinsights_sitenote_note":"","_monsterinsights_sitenote_category":0,"_uf_show_specific_survey":0,"_uf_disable_surveys":false},"product_cat":[26],"product_tag":[],"aioseo_notices":[],"jetpack_sharing_enabled":true,"_links":{"self":[{"href":"https:\/\/casadolivreiro.pt\/index.php\/wp-json\/wp\/v2\/product\/1144"}],"collection":[{"href":"https:\/\/casadolivreiro.pt\/index.php\/wp-json\/wp\/v2\/product"}],"about":[{"href":"https:\/\/casadolivreiro.pt\/index.php\/wp-json\/wp\/v2\/types\/product"}],"replies":[{"embeddable":true,"href":"https:\/\/casadolivreiro.pt\/index.php\/wp-json\/wp\/v2\/comments?post=1144"}],"wp:featuredmedia":[{"embeddable":true,"href":"https:\/\/casadolivreiro.pt\/index.php\/wp-json\/wp\/v2\/media\/1145"}],"wp:attachment":[{"href":"https:\/\/casadolivreiro.pt\/index.php\/wp-json\/wp\/v2\/media?parent=1144"}],"wp:term":[{"taxonomy":"product_cat","embeddable":true,"href":"https:\/\/casadolivreiro.pt\/index.php\/wp-json\/wp\/v2\/product_cat?post=1144"},{"taxonomy":"product_tag","embeddable":true,"href":"https:\/\/casadolivreiro.pt\/index.php\/wp-json\/wp\/v2\/product_tag?post=1144"}],"curies":[{"name":"wp","href":"https:\/\/api.w.org\/{rel}","templated":true}]}}