{"id":1138,"date":"2024-03-22T23:37:22","date_gmt":"2024-03-22T23:37:22","guid":{"rendered":"https:\/\/casadolivreiro.pt\/?post_type=product&#038;p=1138"},"modified":"2024-03-22T23:37:22","modified_gmt":"2024-03-22T23:37:22","slug":"ter-ou-nao-ter-ernest-hemingway","status":"publish","type":"product","link":"https:\/\/casadolivreiro.pt\/index.php\/product\/ter-ou-nao-ter-ernest-hemingway\/","title":{"rendered":"TER OU N\u00c3O TER Ernest Hemingway"},"content":{"rendered":"<p>TER OU N\u00c3O TER<br \/>\nErnest Hemingway<br \/>\nTradu\u00e7\u00e3o de Jos\u00e9 Correia Ribeiro<br \/>\nNo. 53\u00a0 &#8211; Colec\u00e7\u00e3o MINIATURA\u00a0 &#8211; Ano de edi\u00e7\u00e3o: (1951 \u2013 1967 170 n\u00fameros)<br \/>\nEditor: Edi\u00e7\u00e3o Livros do Brasil, Lisboa<br \/>\nIdioma: Portugu\u00eas<br \/>\nDimens\u00f5es: 11 x v\u00e1rios x 16 cm<br \/>\nEncaderna\u00e7\u00e3o: Capa dura<br \/>\nP\u00e1ginas: 233<\/p>\n","protected":false},"excerpt":{"rendered":"<p>TER OU N\u00c3O TER Ernest Hemingway Tradu\u00e7\u00e3o de Jos\u00e9 Correia Ribeiro No. 53\u00a0 &#8211; Colec\u00e7\u00e3o MINIATURA\u00a0 &#8211; Ano de edi\u00e7\u00e3o: (1951 \u2013 1967 170 n\u00fameros) Editor: Edi\u00e7\u00e3o Livros do Brasil, Lisboa Idioma: Portugu\u00eas Dimens\u00f5es: 11 x v\u00e1rios x 16 cm Encaderna\u00e7\u00e3o: Capa dura P\u00e1ginas: 233<\/p>\n","protected":false},"featured_media":1139,"comment_status":"open","ping_status":"closed","template":"","meta":{"om_disable_all_campaigns":false,"_monsterinsights_skip_tracking":false,"_monsterinsights_sitenote_active":false,"_monsterinsights_sitenote_note":"","_monsterinsights_sitenote_category":0,"_uf_show_specific_survey":0,"_uf_disable_surveys":false},"product_cat":[26],"product_tag":[],"aioseo_notices":[],"jetpack_sharing_enabled":true,"_links":{"self":[{"href":"https:\/\/casadolivreiro.pt\/index.php\/wp-json\/wp\/v2\/product\/1138"}],"collection":[{"href":"https:\/\/casadolivreiro.pt\/index.php\/wp-json\/wp\/v2\/product"}],"about":[{"href":"https:\/\/casadolivreiro.pt\/index.php\/wp-json\/wp\/v2\/types\/product"}],"replies":[{"embeddable":true,"href":"https:\/\/casadolivreiro.pt\/index.php\/wp-json\/wp\/v2\/comments?post=1138"}],"wp:featuredmedia":[{"embeddable":true,"href":"https:\/\/casadolivreiro.pt\/index.php\/wp-json\/wp\/v2\/media\/1139"}],"wp:attachment":[{"href":"https:\/\/casadolivreiro.pt\/index.php\/wp-json\/wp\/v2\/media?parent=1138"}],"wp:term":[{"taxonomy":"product_cat","embeddable":true,"href":"https:\/\/casadolivreiro.pt\/index.php\/wp-json\/wp\/v2\/product_cat?post=1138"},{"taxonomy":"product_tag","embeddable":true,"href":"https:\/\/casadolivreiro.pt\/index.php\/wp-json\/wp\/v2\/product_tag?post=1138"}],"curies":[{"name":"wp","href":"https:\/\/api.w.org\/{rel}","templated":true}]}}