{"id":1136,"date":"2024-03-22T23:33:03","date_gmt":"2024-03-22T23:33:03","guid":{"rendered":"https:\/\/casadolivreiro.pt\/?post_type=product&#038;p=1136"},"modified":"2024-03-22T23:33:23","modified_gmt":"2024-03-22T23:33:23","slug":"tomaz-o-impostor-jean-cocteau","status":"publish","type":"product","link":"https:\/\/casadolivreiro.pt\/index.php\/product\/tomaz-o-impostor-jean-cocteau\/","title":{"rendered":"TOMAZ, O IMPOSTOR &#8211; Jean Cocteau"},"content":{"rendered":"<p>TOMAZ, O IMPOSTOR<br \/>\nJean Cocteau<br \/>\nTradu\u00e7\u00e3o de Ant\u00f3nio Quadros<br \/>\nNo. 51\u00a0 &#8211; Colec\u00e7\u00e3o MINIATURA\u00a0 &#8211; Ano de edi\u00e7\u00e3o: (1951 \u2013 1967 170 n\u00fameros)<br \/>\nEditor: Edi\u00e7\u00e3o Livros do Brasil, Lisboa<br \/>\nIdioma: Portugu\u00eas<br \/>\nDimens\u00f5es: 11 x v\u00e1rios x 16 cm<br \/>\nEncaderna\u00e7\u00e3o: Capa dura<br \/>\nP\u00e1ginas: 223<\/p>\n","protected":false},"excerpt":{"rendered":"<p>TOMAZ, O IMPOSTOR Jean Cocteau Tradu\u00e7\u00e3o de Ant\u00f3nio Quadros No. 51\u00a0 &#8211; Colec\u00e7\u00e3o MINIATURA\u00a0 &#8211; Ano de edi\u00e7\u00e3o: (1951 \u2013 1967 170 n\u00fameros) Editor: Edi\u00e7\u00e3o Livros do Brasil, Lisboa Idioma: Portugu\u00eas Dimens\u00f5es: 11 x v\u00e1rios x 16 cm Encaderna\u00e7\u00e3o: Capa dura P\u00e1ginas: 223<\/p>\n","protected":false},"featured_media":1137,"comment_status":"open","ping_status":"closed","template":"","meta":{"om_disable_all_campaigns":false,"_monsterinsights_skip_tracking":false,"_monsterinsights_sitenote_active":false,"_monsterinsights_sitenote_note":"","_monsterinsights_sitenote_category":0,"_uf_show_specific_survey":0,"_uf_disable_surveys":false},"product_cat":[26],"product_tag":[],"aioseo_notices":[],"jetpack_sharing_enabled":true,"_links":{"self":[{"href":"https:\/\/casadolivreiro.pt\/index.php\/wp-json\/wp\/v2\/product\/1136"}],"collection":[{"href":"https:\/\/casadolivreiro.pt\/index.php\/wp-json\/wp\/v2\/product"}],"about":[{"href":"https:\/\/casadolivreiro.pt\/index.php\/wp-json\/wp\/v2\/types\/product"}],"replies":[{"embeddable":true,"href":"https:\/\/casadolivreiro.pt\/index.php\/wp-json\/wp\/v2\/comments?post=1136"}],"wp:featuredmedia":[{"embeddable":true,"href":"https:\/\/casadolivreiro.pt\/index.php\/wp-json\/wp\/v2\/media\/1137"}],"wp:attachment":[{"href":"https:\/\/casadolivreiro.pt\/index.php\/wp-json\/wp\/v2\/media?parent=1136"}],"wp:term":[{"taxonomy":"product_cat","embeddable":true,"href":"https:\/\/casadolivreiro.pt\/index.php\/wp-json\/wp\/v2\/product_cat?post=1136"},{"taxonomy":"product_tag","embeddable":true,"href":"https:\/\/casadolivreiro.pt\/index.php\/wp-json\/wp\/v2\/product_tag?post=1136"}],"curies":[{"name":"wp","href":"https:\/\/api.w.org\/{rel}","templated":true}]}}