{"id":111,"date":"2024-03-01T21:36:30","date_gmt":"2024-03-01T21:36:30","guid":{"rendered":"https:\/\/casadolivreiro.pt\/?post_type=product&#038;p=111"},"modified":"2024-03-01T22:03:32","modified_gmt":"2024-03-01T22:03:32","slug":"amor-escreve-se-sem-h-enrique-jardiel-poncela","status":"publish","type":"product","link":"https:\/\/casadolivreiro.pt\/index.php\/product\/amor-escreve-se-sem-h-enrique-jardiel-poncela\/","title":{"rendered":"Amor escreve-se sem &#8216;h&#8217; &#8211; Enrique Jardiel Poncela"},"content":{"rendered":"<p>autor: E. Jardiel Poncela<br \/>\ncapa mole: p\u00e1gs. 336<br \/>\ned.: Editorial S\u00e9culo, Lisboa<br \/>\ntrad.: Manuel Neves<br \/>\n1945 (1928)<br \/>\ndimens\u00f5es: 12.3 x 2.5 x 19cm<\/p>\n<p>Em guerra pelo sempre t\u00e3o vol\u00e1til e variado interesse de Lady Sylvia Brums, Zambombo usa todos os estratagemas para a impressionar, incluindo o da simula\u00e7\u00e3o de um suic\u00eddio que se transforma quase em suic\u00eddio. E perante um vaiv\u00e9m constante contra a extin\u00e7\u00e3o do desejo, o leitor descobre, se ainda o n\u00e3o sabia, que se ama de igual modo em Madrid, Paris, Roterd\u00e3o, Londres. Talvez, at\u00e9, no recato de uma ilha deserta. Enrique Jardiel Poncela morreu esquecido. Dramaturgo espanhol em pleno franquismo e\u00a0com\u00a0um\u00a0gosto pelo absurdo em contracorrente, p\u00f5e nesta romance a medida justa daquilo em\u00a0que hoje se p\u00f5e excesso: autorreferencia\u00e7\u00e3o, jogo de sons e conceitos, provoca\u00e7\u00e3o, surpresa&#8230; Injusto \u00e9 o seu humor, que me fez gargalhar mais do que nestes dias devia.<\/p>\n<p>&nbsp;<\/p>\n","protected":false},"excerpt":{"rendered":"<p>autor: E. Jardiel Poncela capa mole: p\u00e1gs. 336 ed.: Editorial S\u00e9culo, Lisboa trad.: Manuel Neves 1945 (1928) dimens\u00f5es: 12.3 x 2.5 x 19cm Em guerra pelo sempre t\u00e3o vol\u00e1til e variado interesse de Lady Sylvia Brums, Zambombo usa todos os estratagemas para a impressionar, incluindo o da simula\u00e7\u00e3o de um suic\u00eddio que se transforma quase [&hellip;]<\/p>\n","protected":false},"featured_media":112,"comment_status":"open","ping_status":"closed","template":"","meta":{"om_disable_all_campaigns":false,"_monsterinsights_skip_tracking":false,"_monsterinsights_sitenote_active":false,"_monsterinsights_sitenote_note":"","_monsterinsights_sitenote_category":0,"_uf_show_specific_survey":0,"_uf_disable_surveys":false},"product_cat":[37],"product_tag":[],"aioseo_notices":[],"jetpack_sharing_enabled":true,"_links":{"self":[{"href":"https:\/\/casadolivreiro.pt\/index.php\/wp-json\/wp\/v2\/product\/111"}],"collection":[{"href":"https:\/\/casadolivreiro.pt\/index.php\/wp-json\/wp\/v2\/product"}],"about":[{"href":"https:\/\/casadolivreiro.pt\/index.php\/wp-json\/wp\/v2\/types\/product"}],"replies":[{"embeddable":true,"href":"https:\/\/casadolivreiro.pt\/index.php\/wp-json\/wp\/v2\/comments?post=111"}],"wp:featuredmedia":[{"embeddable":true,"href":"https:\/\/casadolivreiro.pt\/index.php\/wp-json\/wp\/v2\/media\/112"}],"wp:attachment":[{"href":"https:\/\/casadolivreiro.pt\/index.php\/wp-json\/wp\/v2\/media?parent=111"}],"wp:term":[{"taxonomy":"product_cat","embeddable":true,"href":"https:\/\/casadolivreiro.pt\/index.php\/wp-json\/wp\/v2\/product_cat?post=111"},{"taxonomy":"product_tag","embeddable":true,"href":"https:\/\/casadolivreiro.pt\/index.php\/wp-json\/wp\/v2\/product_tag?post=111"}],"curies":[{"name":"wp","href":"https:\/\/api.w.org\/{rel}","templated":true}]}}