{"id":1104,"date":"2024-03-22T20:52:33","date_gmt":"2024-03-22T20:52:33","guid":{"rendered":"https:\/\/casadolivreiro.pt\/?post_type=product&#038;p=1104"},"modified":"2024-03-22T20:52:33","modified_gmt":"2024-03-22T20:52:33","slug":"tratamento-natural-da-insonia-dr-karl-m-kirch","status":"publish","type":"product","link":"https:\/\/casadolivreiro.pt\/index.php\/product\/tratamento-natural-da-insonia-dr-karl-m-kirch\/","title":{"rendered":"TRATAMENTO NATURAL DA INS\u00d3NIA -Dr. Karl M. Kirch"},"content":{"rendered":"<p>TRATAMENTO NATURAL DA INS\u00d3NIA<br \/>\nDr. Karl M. Kirch<br \/>\nColec\u00e7\u00e3o MEDICINA NATURAL<br \/>\nISBN: 972-42-1091-x<br \/>\nAno de edi\u00e7\u00e3o: 1995<br \/>\nEditor: C\u00edrculo de Leitores, Lisboa<br \/>\nIdioma: Portugu\u00eas<br \/>\nDimens\u00f5es: 16.5\u00a0 x 1.5 x 22 cm<br \/>\nEncaderna\u00e7\u00e3o: Capa dura<br \/>\nP\u00e1ginas: 88<\/p>\n","protected":false},"excerpt":{"rendered":"<p>TRATAMENTO NATURAL DA INS\u00d3NIA Dr. Karl M. Kirch Colec\u00e7\u00e3o MEDICINA NATURAL ISBN: 972-42-1091-x Ano de edi\u00e7\u00e3o: 1995 Editor: C\u00edrculo de Leitores, Lisboa Idioma: Portugu\u00eas Dimens\u00f5es: 16.5\u00a0 x 1.5 x 22 cm Encaderna\u00e7\u00e3o: Capa dura P\u00e1ginas: 88<\/p>\n","protected":false},"featured_media":1105,"comment_status":"open","ping_status":"closed","template":"","meta":{"om_disable_all_campaigns":false,"_monsterinsights_skip_tracking":false,"_monsterinsights_sitenote_active":false,"_monsterinsights_sitenote_note":"","_monsterinsights_sitenote_category":0,"_uf_show_specific_survey":0,"_uf_disable_surveys":false},"product_cat":[43],"product_tag":[],"aioseo_notices":[],"jetpack_sharing_enabled":true,"_links":{"self":[{"href":"https:\/\/casadolivreiro.pt\/index.php\/wp-json\/wp\/v2\/product\/1104"}],"collection":[{"href":"https:\/\/casadolivreiro.pt\/index.php\/wp-json\/wp\/v2\/product"}],"about":[{"href":"https:\/\/casadolivreiro.pt\/index.php\/wp-json\/wp\/v2\/types\/product"}],"replies":[{"embeddable":true,"href":"https:\/\/casadolivreiro.pt\/index.php\/wp-json\/wp\/v2\/comments?post=1104"}],"wp:featuredmedia":[{"embeddable":true,"href":"https:\/\/casadolivreiro.pt\/index.php\/wp-json\/wp\/v2\/media\/1105"}],"wp:attachment":[{"href":"https:\/\/casadolivreiro.pt\/index.php\/wp-json\/wp\/v2\/media?parent=1104"}],"wp:term":[{"taxonomy":"product_cat","embeddable":true,"href":"https:\/\/casadolivreiro.pt\/index.php\/wp-json\/wp\/v2\/product_cat?post=1104"},{"taxonomy":"product_tag","embeddable":true,"href":"https:\/\/casadolivreiro.pt\/index.php\/wp-json\/wp\/v2\/product_tag?post=1104"}],"curies":[{"name":"wp","href":"https:\/\/api.w.org\/{rel}","templated":true}]}}