{"id":1100,"date":"2024-03-22T20:45:31","date_gmt":"2024-03-22T20:45:31","guid":{"rendered":"https:\/\/casadolivreiro.pt\/?post_type=product&#038;p=1100"},"modified":"2024-03-22T20:45:31","modified_gmt":"2024-03-22T20:45:31","slug":"dar-vida-aos-anos-dr-antoni-mirada-e-dra-carme-valls-llobet","status":"publish","type":"product","link":"https:\/\/casadolivreiro.pt\/index.php\/product\/dar-vida-aos-anos-dr-antoni-mirada-e-dra-carme-valls-llobet\/","title":{"rendered":"DAR VIDA  AOS ANOS &#8211; Dr. Antoni Mirada e Dra. Carme Valls-Llobet"},"content":{"rendered":"<p>DAR VIDA\u00a0 AOS ANOS<br \/>\nDr. Antoni Mirada e Dra. Carme Valls-Llobet<br \/>\nColec\u00e7\u00e3o SA\u00daDE E QUALIDADE DE VIDA<br \/>\nISBN: 972-42-1469-9<br \/>\nAno de edi\u00e7\u00e3o: 1996<br \/>\nEditor: C\u00edrculo de Leitores, Lisboa<br \/>\nIdioma: Portugu\u00eas<br \/>\nDimens\u00f5es: 16. x 1 x 22 cm<br \/>\nEncaderna\u00e7\u00e3o: Capa dura<br \/>\nP\u00e1ginas: 95<\/p>\n","protected":false},"excerpt":{"rendered":"<p>DAR VIDA\u00a0 AOS ANOS Dr. Antoni Mirada e Dra. Carme Valls-Llobet Colec\u00e7\u00e3o SA\u00daDE E QUALIDADE DE VIDA ISBN: 972-42-1469-9 Ano de edi\u00e7\u00e3o: 1996 Editor: C\u00edrculo de Leitores, Lisboa Idioma: Portugu\u00eas Dimens\u00f5es: 16. x 1 x 22 cm Encaderna\u00e7\u00e3o: Capa dura P\u00e1ginas: 95<\/p>\n","protected":false},"featured_media":1101,"comment_status":"open","ping_status":"closed","template":"","meta":{"om_disable_all_campaigns":false,"_monsterinsights_skip_tracking":false,"_monsterinsights_sitenote_active":false,"_monsterinsights_sitenote_note":"","_monsterinsights_sitenote_category":0,"_uf_show_specific_survey":0,"_uf_disable_surveys":false},"product_cat":[43],"product_tag":[],"aioseo_notices":[],"jetpack_sharing_enabled":true,"_links":{"self":[{"href":"https:\/\/casadolivreiro.pt\/index.php\/wp-json\/wp\/v2\/product\/1100"}],"collection":[{"href":"https:\/\/casadolivreiro.pt\/index.php\/wp-json\/wp\/v2\/product"}],"about":[{"href":"https:\/\/casadolivreiro.pt\/index.php\/wp-json\/wp\/v2\/types\/product"}],"replies":[{"embeddable":true,"href":"https:\/\/casadolivreiro.pt\/index.php\/wp-json\/wp\/v2\/comments?post=1100"}],"wp:featuredmedia":[{"embeddable":true,"href":"https:\/\/casadolivreiro.pt\/index.php\/wp-json\/wp\/v2\/media\/1101"}],"wp:attachment":[{"href":"https:\/\/casadolivreiro.pt\/index.php\/wp-json\/wp\/v2\/media?parent=1100"}],"wp:term":[{"taxonomy":"product_cat","embeddable":true,"href":"https:\/\/casadolivreiro.pt\/index.php\/wp-json\/wp\/v2\/product_cat?post=1100"},{"taxonomy":"product_tag","embeddable":true,"href":"https:\/\/casadolivreiro.pt\/index.php\/wp-json\/wp\/v2\/product_tag?post=1100"}],"curies":[{"name":"wp","href":"https:\/\/api.w.org\/{rel}","templated":true}]}}