{"id":1098,"date":"2024-03-22T20:42:00","date_gmt":"2024-03-22T20:42:00","guid":{"rendered":"https:\/\/casadolivreiro.pt\/?post_type=product&#038;p=1098"},"modified":"2024-03-22T20:42:01","modified_gmt":"2024-03-22T20:42:01","slug":"como-proteger-se-das-infeccoes-como-evitar-as-doencas-infecciosas-dra-carme-valls-llobet-e-dra-merce-gasco","status":"publish","type":"product","link":"https:\/\/casadolivreiro.pt\/index.php\/product\/como-proteger-se-das-infeccoes-como-evitar-as-doencas-infecciosas-dra-carme-valls-llobet-e-dra-merce-gasco\/","title":{"rendered":"COMO PROTEGER-SE DAS INFEC\u00c7\u00d5ES: como evitar as doen\u00e7as infecciosas &#8211; Dra. Carme Valls-Llobet  e Dra. Merc\u00e8 Gasc\u00f3"},"content":{"rendered":"<p>COMO PROTEGER-SE DAS INFEC\u00c7\u00d5ES: como evitar as doen\u00e7as infecciosas<br \/>\nDra. Carme Valls-Llobet \u00a0e Dra. Merc\u00e8 Gasc\u00f3<br \/>\nColec\u00e7\u00e3o SA\u00daDE E QUALIDADE DE VIDA<br \/>\nISBN: 972-42-1347-1<br \/>\nAno de edi\u00e7\u00e3o: 1996<br \/>\nEditor: C\u00edrculo de Leitores, Lisboa<br \/>\nIdioma: Portugu\u00eas<br \/>\nDimens\u00f5es: 16. x 1 x 22 cm<br \/>\nEncaderna\u00e7\u00e3o: Capa dura<br \/>\nP\u00e1ginas: 92<\/p>\n","protected":false},"excerpt":{"rendered":"<p>COMO PROTEGER-SE DAS INFEC\u00c7\u00d5ES: como evitar as doen\u00e7as infecciosas Dra. Carme Valls-Llobet \u00a0e Dra. Merc\u00e8 Gasc\u00f3 Colec\u00e7\u00e3o SA\u00daDE E QUALIDADE DE VIDA ISBN: 972-42-1347-1 Ano de edi\u00e7\u00e3o: 1996 Editor: C\u00edrculo de Leitores, Lisboa Idioma: Portugu\u00eas Dimens\u00f5es: 16. x 1 x 22 cm Encaderna\u00e7\u00e3o: Capa dura P\u00e1ginas: 92<\/p>\n","protected":false},"featured_media":1099,"comment_status":"open","ping_status":"closed","template":"","meta":{"om_disable_all_campaigns":false,"_monsterinsights_skip_tracking":false,"_monsterinsights_sitenote_active":false,"_monsterinsights_sitenote_note":"","_monsterinsights_sitenote_category":0,"_uf_show_specific_survey":0,"_uf_disable_surveys":false},"product_cat":[43],"product_tag":[],"aioseo_notices":[],"jetpack_sharing_enabled":true,"_links":{"self":[{"href":"https:\/\/casadolivreiro.pt\/index.php\/wp-json\/wp\/v2\/product\/1098"}],"collection":[{"href":"https:\/\/casadolivreiro.pt\/index.php\/wp-json\/wp\/v2\/product"}],"about":[{"href":"https:\/\/casadolivreiro.pt\/index.php\/wp-json\/wp\/v2\/types\/product"}],"replies":[{"embeddable":true,"href":"https:\/\/casadolivreiro.pt\/index.php\/wp-json\/wp\/v2\/comments?post=1098"}],"wp:featuredmedia":[{"embeddable":true,"href":"https:\/\/casadolivreiro.pt\/index.php\/wp-json\/wp\/v2\/media\/1099"}],"wp:attachment":[{"href":"https:\/\/casadolivreiro.pt\/index.php\/wp-json\/wp\/v2\/media?parent=1098"}],"wp:term":[{"taxonomy":"product_cat","embeddable":true,"href":"https:\/\/casadolivreiro.pt\/index.php\/wp-json\/wp\/v2\/product_cat?post=1098"},{"taxonomy":"product_tag","embeddable":true,"href":"https:\/\/casadolivreiro.pt\/index.php\/wp-json\/wp\/v2\/product_tag?post=1098"}],"curies":[{"name":"wp","href":"https:\/\/api.w.org\/{rel}","templated":true}]}}