{"id":1096,"date":"2024-03-22T20:38:21","date_gmt":"2024-03-22T20:38:21","guid":{"rendered":"https:\/\/casadolivreiro.pt\/?post_type=product&#038;p=1096"},"modified":"2024-03-22T20:38:21","modified_gmt":"2024-03-22T20:38:21","slug":"respirar-a-plenos-pulmoes-como-prevenir-os-problemas-respiratorios-dr-ferran-morell-dr-marc-miravitlles-e-dra-carme-valls-llobet","status":"publish","type":"product","link":"https:\/\/casadolivreiro.pt\/index.php\/product\/respirar-a-plenos-pulmoes-como-prevenir-os-problemas-respiratorios-dr-ferran-morell-dr-marc-miravitlles-e-dra-carme-valls-llobet\/","title":{"rendered":"RESPIRAR A PLENOS PULM\u00d5ES: como prevenir os problemas respirat\u00f3rios &#8211; Dr. Ferran Morell, Dr. Marc Miravitlles e  Dra. Carme Valls-Llobet"},"content":{"rendered":"<p>RESPIRAR A PLENOS PULM\u00d5ES: como prevenir os problemas respirat\u00f3rios<br \/>\nDr. Ferran Morell, Dr. Marc Miravitlles e\u00a0 Dra. Carme Valls-Llobet<br \/>\nColec\u00e7\u00e3o SA\u00daDE E QUALIDADE DE VIDA<br \/>\nISBN: 972-42-1759-0<br \/>\nAno de edi\u00e7\u00e3o: 1998<br \/>\nEditor: C\u00edrculo de Leitores, Lisboa<br \/>\nIdioma: Portugu\u00eas<br \/>\nDimens\u00f5es: 16. x 1 x 22 cm<br \/>\nEncaderna\u00e7\u00e3o: Capa dura<br \/>\nP\u00e1ginas: 95<\/p>\n","protected":false},"excerpt":{"rendered":"<p>RESPIRAR A PLENOS PULM\u00d5ES: como prevenir os problemas respirat\u00f3rios Dr. Ferran Morell, Dr. Marc Miravitlles e\u00a0 Dra. Carme Valls-Llobet Colec\u00e7\u00e3o SA\u00daDE E QUALIDADE DE VIDA ISBN: 972-42-1759-0 Ano de edi\u00e7\u00e3o: 1998 Editor: C\u00edrculo de Leitores, Lisboa Idioma: Portugu\u00eas Dimens\u00f5es: 16. x 1 x 22 cm Encaderna\u00e7\u00e3o: Capa dura P\u00e1ginas: 95<\/p>\n","protected":false},"featured_media":1097,"comment_status":"open","ping_status":"closed","template":"","meta":{"om_disable_all_campaigns":false,"_monsterinsights_skip_tracking":false,"_monsterinsights_sitenote_active":false,"_monsterinsights_sitenote_note":"","_monsterinsights_sitenote_category":0,"_uf_show_specific_survey":0,"_uf_disable_surveys":false},"product_cat":[43],"product_tag":[],"aioseo_notices":[],"jetpack_sharing_enabled":true,"_links":{"self":[{"href":"https:\/\/casadolivreiro.pt\/index.php\/wp-json\/wp\/v2\/product\/1096"}],"collection":[{"href":"https:\/\/casadolivreiro.pt\/index.php\/wp-json\/wp\/v2\/product"}],"about":[{"href":"https:\/\/casadolivreiro.pt\/index.php\/wp-json\/wp\/v2\/types\/product"}],"replies":[{"embeddable":true,"href":"https:\/\/casadolivreiro.pt\/index.php\/wp-json\/wp\/v2\/comments?post=1096"}],"wp:featuredmedia":[{"embeddable":true,"href":"https:\/\/casadolivreiro.pt\/index.php\/wp-json\/wp\/v2\/media\/1097"}],"wp:attachment":[{"href":"https:\/\/casadolivreiro.pt\/index.php\/wp-json\/wp\/v2\/media?parent=1096"}],"wp:term":[{"taxonomy":"product_cat","embeddable":true,"href":"https:\/\/casadolivreiro.pt\/index.php\/wp-json\/wp\/v2\/product_cat?post=1096"},{"taxonomy":"product_tag","embeddable":true,"href":"https:\/\/casadolivreiro.pt\/index.php\/wp-json\/wp\/v2\/product_tag?post=1096"}],"curies":[{"name":"wp","href":"https:\/\/api.w.org\/{rel}","templated":true}]}}