{"id":1094,"date":"2024-03-22T20:35:20","date_gmt":"2024-03-22T20:35:20","guid":{"rendered":"https:\/\/casadolivreiro.pt\/?post_type=product&#038;p=1094"},"modified":"2024-03-22T20:35:20","modified_gmt":"2024-03-22T20:35:20","slug":"a-imagem-espelho-de-saude-a-higiene-corporal-no-dia-a-dia-dra-maria-corbella-e-dra-carme-valls-llobet","status":"publish","type":"product","link":"https:\/\/casadolivreiro.pt\/index.php\/product\/a-imagem-espelho-de-saude-a-higiene-corporal-no-dia-a-dia-dra-maria-corbella-e-dra-carme-valls-llobet\/","title":{"rendered":"A IMAGEM, ESPELHO DE SA\u00daDE:  a higiene corporal no dia-a-dia &#8211; Dra. Maria Corbella e  Dra. Carme Valls-Llobet"},"content":{"rendered":"<p>A IMAGEM, ESPELHO DE SA\u00daDE:\u00a0 a higiene corporal no dia-a-dia<br \/>\nDra. Maria Corbella e \u00a0Dra. Carme Valls-Llobet<br \/>\nColec\u00e7\u00e3o SA\u00daDE E QUALIDADE DE VIDA<br \/>\nISBN: 972-42-1583-0<br \/>\nAno de edi\u00e7\u00e3o: 1997<br \/>\nEditor: C\u00edrculo de Leitores, Lisboa<br \/>\nIdioma: Portugu\u00eas<br \/>\nDimens\u00f5es: 16. x 1 x 22 cm<br \/>\nEncaderna\u00e7\u00e3o: Capa dura<br \/>\nP\u00e1ginas: 95<\/p>\n","protected":false},"excerpt":{"rendered":"<p>A IMAGEM, ESPELHO DE SA\u00daDE:\u00a0 a higiene corporal no dia-a-dia Dra. Maria Corbella e \u00a0Dra. Carme Valls-Llobet Colec\u00e7\u00e3o SA\u00daDE E QUALIDADE DE VIDA ISBN: 972-42-1583-0 Ano de edi\u00e7\u00e3o: 1997 Editor: C\u00edrculo de Leitores, Lisboa Idioma: Portugu\u00eas Dimens\u00f5es: 16. x 1 x 22 cm Encaderna\u00e7\u00e3o: Capa dura P\u00e1ginas: 95<\/p>\n","protected":false},"featured_media":1095,"comment_status":"open","ping_status":"closed","template":"","meta":{"om_disable_all_campaigns":false,"_monsterinsights_skip_tracking":false,"_monsterinsights_sitenote_active":false,"_monsterinsights_sitenote_note":"","_monsterinsights_sitenote_category":0,"_uf_show_specific_survey":0,"_uf_disable_surveys":false},"product_cat":[43],"product_tag":[],"aioseo_notices":[],"jetpack_sharing_enabled":true,"_links":{"self":[{"href":"https:\/\/casadolivreiro.pt\/index.php\/wp-json\/wp\/v2\/product\/1094"}],"collection":[{"href":"https:\/\/casadolivreiro.pt\/index.php\/wp-json\/wp\/v2\/product"}],"about":[{"href":"https:\/\/casadolivreiro.pt\/index.php\/wp-json\/wp\/v2\/types\/product"}],"replies":[{"embeddable":true,"href":"https:\/\/casadolivreiro.pt\/index.php\/wp-json\/wp\/v2\/comments?post=1094"}],"wp:featuredmedia":[{"embeddable":true,"href":"https:\/\/casadolivreiro.pt\/index.php\/wp-json\/wp\/v2\/media\/1095"}],"wp:attachment":[{"href":"https:\/\/casadolivreiro.pt\/index.php\/wp-json\/wp\/v2\/media?parent=1094"}],"wp:term":[{"taxonomy":"product_cat","embeddable":true,"href":"https:\/\/casadolivreiro.pt\/index.php\/wp-json\/wp\/v2\/product_cat?post=1094"},{"taxonomy":"product_tag","embeddable":true,"href":"https:\/\/casadolivreiro.pt\/index.php\/wp-json\/wp\/v2\/product_tag?post=1094"}],"curies":[{"name":"wp","href":"https:\/\/api.w.org\/{rel}","templated":true}]}}