{"id":1092,"date":"2024-03-22T20:31:59","date_gmt":"2024-03-22T20:31:59","guid":{"rendered":"https:\/\/casadolivreiro.pt\/?post_type=product&#038;p=1092"},"modified":"2024-03-22T20:31:59","modified_gmt":"2024-03-22T20:31:59","slug":"melhore-a-sua-vida-como-evitar-o-cansaco-cronico-e-as-dores-de-cabeca-dr-nolasc-acarin-dra-carme-valls-llobet-e-dra-gloria-borras","status":"publish","type":"product","link":"https:\/\/casadolivreiro.pt\/index.php\/product\/melhore-a-sua-vida-como-evitar-o-cansaco-cronico-e-as-dores-de-cabeca-dr-nolasc-acarin-dra-carme-valls-llobet-e-dra-gloria-borras\/","title":{"rendered":"MELHORE A SUA VIDA: como evitar o cansa\u00e7o cr\u00f3nico e as dores de cabe\u00e7a &#8211; Dr. Nolasc Acar\u00edn, Dra. Carme Valls-Llobet e Dra. Gl\u00f2ria Borr\u00e1s"},"content":{"rendered":"<p>MELHORE A SUA VIDA: como evitar o cansa\u00e7o cr\u00f3nico e as dores de cabe\u00e7a<br \/>\nDr. Nolasc Acar\u00edn, Dra. Carme Valls-Llobet e Dra. Gl\u00f2ria Borr\u00e1s<br \/>\nColec\u00e7\u00e3o SA\u00daDE E QUALIDADE DE VIDA<br \/>\nISBN: 972-42-1651-9<br \/>\nAno de edi\u00e7\u00e3o: 1997<br \/>\nEditor: C\u00edrculo de Leitores, Lisboa<br \/>\nIdioma: Portugu\u00eas<br \/>\nDimens\u00f5es: 16. x 1 x 22 cm<br \/>\nEncaderna\u00e7\u00e3o: Capa dura<br \/>\nP\u00e1ginas: 111<\/p>\n","protected":false},"excerpt":{"rendered":"<p>MELHORE A SUA VIDA: como evitar o cansa\u00e7o cr\u00f3nico e as dores de cabe\u00e7a Dr. Nolasc Acar\u00edn, Dra. Carme Valls-Llobet e Dra. Gl\u00f2ria Borr\u00e1s Colec\u00e7\u00e3o SA\u00daDE E QUALIDADE DE VIDA ISBN: 972-42-1651-9 Ano de edi\u00e7\u00e3o: 1997 Editor: C\u00edrculo de Leitores, Lisboa Idioma: Portugu\u00eas Dimens\u00f5es: 16. x 1 x 22 cm Encaderna\u00e7\u00e3o: Capa dura P\u00e1ginas: 111<\/p>\n","protected":false},"featured_media":1093,"comment_status":"open","ping_status":"closed","template":"","meta":{"om_disable_all_campaigns":false,"_monsterinsights_skip_tracking":false,"_monsterinsights_sitenote_active":false,"_monsterinsights_sitenote_note":"","_monsterinsights_sitenote_category":0,"_uf_show_specific_survey":0,"_uf_disable_surveys":false},"product_cat":[43],"product_tag":[],"aioseo_notices":[],"jetpack_sharing_enabled":true,"_links":{"self":[{"href":"https:\/\/casadolivreiro.pt\/index.php\/wp-json\/wp\/v2\/product\/1092"}],"collection":[{"href":"https:\/\/casadolivreiro.pt\/index.php\/wp-json\/wp\/v2\/product"}],"about":[{"href":"https:\/\/casadolivreiro.pt\/index.php\/wp-json\/wp\/v2\/types\/product"}],"replies":[{"embeddable":true,"href":"https:\/\/casadolivreiro.pt\/index.php\/wp-json\/wp\/v2\/comments?post=1092"}],"wp:featuredmedia":[{"embeddable":true,"href":"https:\/\/casadolivreiro.pt\/index.php\/wp-json\/wp\/v2\/media\/1093"}],"wp:attachment":[{"href":"https:\/\/casadolivreiro.pt\/index.php\/wp-json\/wp\/v2\/media?parent=1092"}],"wp:term":[{"taxonomy":"product_cat","embeddable":true,"href":"https:\/\/casadolivreiro.pt\/index.php\/wp-json\/wp\/v2\/product_cat?post=1092"},{"taxonomy":"product_tag","embeddable":true,"href":"https:\/\/casadolivreiro.pt\/index.php\/wp-json\/wp\/v2\/product_tag?post=1092"}],"curies":[{"name":"wp","href":"https:\/\/api.w.org\/{rel}","templated":true}]}}