{"id":1090,"date":"2024-03-22T20:28:11","date_gmt":"2024-03-22T20:28:11","guid":{"rendered":"https:\/\/casadolivreiro.pt\/?post_type=product&#038;p=1090"},"modified":"2024-03-22T20:28:11","modified_gmt":"2024-03-22T20:28:11","slug":"crescer-feliz-desenvolvimento-e-crescimento-desde-a-concepcao-ate-aos-10-anos-dra-carme-valls-llobet-e-dr-joaquim-ramis","status":"publish","type":"product","link":"https:\/\/casadolivreiro.pt\/index.php\/product\/crescer-feliz-desenvolvimento-e-crescimento-desde-a-concepcao-ate-aos-10-anos-dra-carme-valls-llobet-e-dr-joaquim-ramis\/","title":{"rendered":"CRESCER FELIZ: desenvolvimento e crescimento desde a concep\u00e7\u00e3o at\u00e9 aos 10 anos &#8211; Dra. Carme Valls-Llobet e Dr. Joaquim Ramis"},"content":{"rendered":"<p>CRESCER FELIZ: desenvolvimento e crescimento desde a concep\u00e7\u00e3o at\u00e9 aos 10 anos<br \/>\nDra. Carme Valls-Llobet e Dr. Joaquim Ramis<br \/>\nColec\u00e7\u00e3o SA\u00daDE E QUALIDADE DE VIDA<br \/>\nISBN: 972-42-1301-3<br \/>\nAno de edi\u00e7\u00e3o: 1996<br \/>\nEditor: C\u00edrculo de Leitores, Lisboa<br \/>\nIdioma: Portugu\u00eas<br \/>\nDimens\u00f5es: 16. x 1 x 22 cm<br \/>\nEncaderna\u00e7\u00e3o: Capa dura<br \/>\nP\u00e1ginas: 94<\/p>\n","protected":false},"excerpt":{"rendered":"<p>CRESCER FELIZ: desenvolvimento e crescimento desde a concep\u00e7\u00e3o at\u00e9 aos 10 anos Dra. Carme Valls-Llobet e Dr. Joaquim Ramis Colec\u00e7\u00e3o SA\u00daDE E QUALIDADE DE VIDA ISBN: 972-42-1301-3 Ano de edi\u00e7\u00e3o: 1996 Editor: C\u00edrculo de Leitores, Lisboa Idioma: Portugu\u00eas Dimens\u00f5es: 16. x 1 x 22 cm Encaderna\u00e7\u00e3o: Capa dura P\u00e1ginas: 94<\/p>\n","protected":false},"featured_media":1091,"comment_status":"open","ping_status":"closed","template":"","meta":{"om_disable_all_campaigns":false,"_monsterinsights_skip_tracking":false,"_monsterinsights_sitenote_active":false,"_monsterinsights_sitenote_note":"","_monsterinsights_sitenote_category":0,"_uf_show_specific_survey":0,"_uf_disable_surveys":false},"product_cat":[43],"product_tag":[],"aioseo_notices":[],"jetpack_sharing_enabled":true,"_links":{"self":[{"href":"https:\/\/casadolivreiro.pt\/index.php\/wp-json\/wp\/v2\/product\/1090"}],"collection":[{"href":"https:\/\/casadolivreiro.pt\/index.php\/wp-json\/wp\/v2\/product"}],"about":[{"href":"https:\/\/casadolivreiro.pt\/index.php\/wp-json\/wp\/v2\/types\/product"}],"replies":[{"embeddable":true,"href":"https:\/\/casadolivreiro.pt\/index.php\/wp-json\/wp\/v2\/comments?post=1090"}],"wp:featuredmedia":[{"embeddable":true,"href":"https:\/\/casadolivreiro.pt\/index.php\/wp-json\/wp\/v2\/media\/1091"}],"wp:attachment":[{"href":"https:\/\/casadolivreiro.pt\/index.php\/wp-json\/wp\/v2\/media?parent=1090"}],"wp:term":[{"taxonomy":"product_cat","embeddable":true,"href":"https:\/\/casadolivreiro.pt\/index.php\/wp-json\/wp\/v2\/product_cat?post=1090"},{"taxonomy":"product_tag","embeddable":true,"href":"https:\/\/casadolivreiro.pt\/index.php\/wp-json\/wp\/v2\/product_tag?post=1090"}],"curies":[{"name":"wp","href":"https:\/\/api.w.org\/{rel}","templated":true}]}}