{"id":1085,"date":"2024-03-22T20:21:25","date_gmt":"2024-03-22T20:21:25","guid":{"rendered":"https:\/\/casadolivreiro.pt\/?post_type=product&#038;p=1085"},"modified":"2024-03-22T20:21:25","modified_gmt":"2024-03-22T20:21:25","slug":"vencer-os-vicios-como-evitar-as-dependencias-que-destroem-a-saude-maria-moron-dra-merce-fuentes-e-dra-carme-valls-llobet","status":"publish","type":"product","link":"https:\/\/casadolivreiro.pt\/index.php\/product\/vencer-os-vicios-como-evitar-as-dependencias-que-destroem-a-saude-maria-moron-dra-merce-fuentes-e-dra-carme-valls-llobet\/","title":{"rendered":"VENCER OS V\u00cdCIOS:  como evitar as depend\u00eancias que destroem a sa\u00fade &#8211; Maria Mor\u00f3n, Dra Merc\u00e8 Fuentes e Dra. Carm\u00e9 Valls-Llobet"},"content":{"rendered":"<p>VENCER OS V\u00cdCIOS:\u00a0 como evitar as depend\u00eancias que destroem a sa\u00fade<br \/>\nMaria Mor\u00f3n, Dra Merc\u00e8 Fuentes e Dra. Carm\u00e9 Valls-Llobet<br \/>\nColec\u00e7\u00e3o SA\u00daDE E QUALIDADE DE VIDA<br \/>\nISBN: 972-42-1718-3<br \/>\nAno de edi\u00e7\u00e3o: 1995<br \/>\nEditor: C\u00edrculo de Leitores, Lisboa<br \/>\nIdioma: Portugu\u00eas<br \/>\nDimens\u00f5es: 16. x 1 x 22 cm<br \/>\nEncaderna\u00e7\u00e3o: Capa dura<br \/>\nP\u00e1ginas: 95<\/p>\n","protected":false},"excerpt":{"rendered":"<p>VENCER OS V\u00cdCIOS:\u00a0 como evitar as depend\u00eancias que destroem a sa\u00fade Maria Mor\u00f3n, Dra Merc\u00e8 Fuentes e Dra. Carm\u00e9 Valls-Llobet Colec\u00e7\u00e3o SA\u00daDE E QUALIDADE DE VIDA ISBN: 972-42-1718-3 Ano de edi\u00e7\u00e3o: 1995 Editor: C\u00edrculo de Leitores, Lisboa Idioma: Portugu\u00eas Dimens\u00f5es: 16. x 1 x 22 cm Encaderna\u00e7\u00e3o: Capa dura P\u00e1ginas: 95<\/p>\n","protected":false},"featured_media":1086,"comment_status":"open","ping_status":"closed","template":"","meta":{"om_disable_all_campaigns":false,"_monsterinsights_skip_tracking":false,"_monsterinsights_sitenote_active":false,"_monsterinsights_sitenote_note":"","_monsterinsights_sitenote_category":0,"_uf_show_specific_survey":0,"_uf_disable_surveys":false},"product_cat":[43],"product_tag":[],"aioseo_notices":[],"jetpack_sharing_enabled":true,"_links":{"self":[{"href":"https:\/\/casadolivreiro.pt\/index.php\/wp-json\/wp\/v2\/product\/1085"}],"collection":[{"href":"https:\/\/casadolivreiro.pt\/index.php\/wp-json\/wp\/v2\/product"}],"about":[{"href":"https:\/\/casadolivreiro.pt\/index.php\/wp-json\/wp\/v2\/types\/product"}],"replies":[{"embeddable":true,"href":"https:\/\/casadolivreiro.pt\/index.php\/wp-json\/wp\/v2\/comments?post=1085"}],"wp:featuredmedia":[{"embeddable":true,"href":"https:\/\/casadolivreiro.pt\/index.php\/wp-json\/wp\/v2\/media\/1086"}],"wp:attachment":[{"href":"https:\/\/casadolivreiro.pt\/index.php\/wp-json\/wp\/v2\/media?parent=1085"}],"wp:term":[{"taxonomy":"product_cat","embeddable":true,"href":"https:\/\/casadolivreiro.pt\/index.php\/wp-json\/wp\/v2\/product_cat?post=1085"},{"taxonomy":"product_tag","embeddable":true,"href":"https:\/\/casadolivreiro.pt\/index.php\/wp-json\/wp\/v2\/product_tag?post=1085"}],"curies":[{"name":"wp","href":"https:\/\/api.w.org\/{rel}","templated":true}]}}