{"id":1070,"date":"2024-03-22T19:55:02","date_gmt":"2024-03-22T19:55:02","guid":{"rendered":"https:\/\/casadolivreiro.pt\/?post_type=product&#038;p=1070"},"modified":"2024-03-22T19:55:02","modified_gmt":"2024-03-22T19:55:02","slug":"corto-maltese-e-riparleremo-dei-gentiluomini-di-fortuna-hugo-pratt","status":"publish","type":"product","link":"https:\/\/casadolivreiro.pt\/index.php\/product\/corto-maltese-e-riparleremo-dei-gentiluomini-di-fortuna-hugo-pratt\/","title":{"rendered":"CORTO MALTESE: \u2026e riparleremo dei gentiluomini di fortuna &#8211; Hugo Pratt"},"content":{"rendered":"<p>CORTO MALTESE: \u2026e riparleremo dei gentiluomini di fortuna<br \/>\nHugo Pratt<br \/>\nISBN: 88-86456-34-4<br \/>\nAno de edi\u00e7\u00e3o: 1997 (Primeira edi\u00e7\u00e3o)<br \/>\nEditor: Lizard Edizioni, srl, Roma<br \/>\nIdioma: Italiano<br \/>\nDimens\u00f5es: 17 x 0.5 x 24<br \/>\nEncaderna\u00e7\u00e3o: Capa mole<br \/>\nP\u00e1ginas: 40<\/p>\n","protected":false},"excerpt":{"rendered":"<p>CORTO MALTESE: \u2026e riparleremo dei gentiluomini di fortuna Hugo Pratt ISBN: 88-86456-34-4 Ano de edi\u00e7\u00e3o: 1997 (Primeira edi\u00e7\u00e3o) Editor: Lizard Edizioni, srl, Roma Idioma: Italiano Dimens\u00f5es: 17 x 0.5 x 24 Encaderna\u00e7\u00e3o: Capa mole P\u00e1ginas: 40<\/p>\n","protected":false},"featured_media":1071,"comment_status":"open","ping_status":"closed","template":"","meta":{"om_disable_all_campaigns":false,"_monsterinsights_skip_tracking":false,"_monsterinsights_sitenote_active":false,"_monsterinsights_sitenote_note":"","_monsterinsights_sitenote_category":0,"_uf_show_specific_survey":0,"_uf_disable_surveys":false},"product_cat":[35],"product_tag":[],"aioseo_notices":[],"jetpack_sharing_enabled":true,"_links":{"self":[{"href":"https:\/\/casadolivreiro.pt\/index.php\/wp-json\/wp\/v2\/product\/1070"}],"collection":[{"href":"https:\/\/casadolivreiro.pt\/index.php\/wp-json\/wp\/v2\/product"}],"about":[{"href":"https:\/\/casadolivreiro.pt\/index.php\/wp-json\/wp\/v2\/types\/product"}],"replies":[{"embeddable":true,"href":"https:\/\/casadolivreiro.pt\/index.php\/wp-json\/wp\/v2\/comments?post=1070"}],"wp:featuredmedia":[{"embeddable":true,"href":"https:\/\/casadolivreiro.pt\/index.php\/wp-json\/wp\/v2\/media\/1071"}],"wp:attachment":[{"href":"https:\/\/casadolivreiro.pt\/index.php\/wp-json\/wp\/v2\/media?parent=1070"}],"wp:term":[{"taxonomy":"product_cat","embeddable":true,"href":"https:\/\/casadolivreiro.pt\/index.php\/wp-json\/wp\/v2\/product_cat?post=1070"},{"taxonomy":"product_tag","embeddable":true,"href":"https:\/\/casadolivreiro.pt\/index.php\/wp-json\/wp\/v2\/product_tag?post=1070"}],"curies":[{"name":"wp","href":"https:\/\/api.w.org\/{rel}","templated":true}]}}