{"id":1066,"date":"2024-03-22T19:49:30","date_gmt":"2024-03-22T19:49:30","guid":{"rendered":"https:\/\/casadolivreiro.pt\/?post_type=product&#038;p=1066"},"modified":"2024-03-22T19:49:30","modified_gmt":"2024-03-22T19:49:30","slug":"corto-maltese-il-segreto-di-tristan-bantam-hugo-pratt","status":"publish","type":"product","link":"https:\/\/casadolivreiro.pt\/index.php\/product\/corto-maltese-il-segreto-di-tristan-bantam-hugo-pratt\/","title":{"rendered":"CORTO MALTESE: il segreto di Tristan Bantam &#8211; Hugo Pratt"},"content":{"rendered":"<p>CORTO MALTESE: il segreto di Tristan Bantam<br \/>\nHugo Pratt<br \/>\nISBN: 88-86456-27-1<br \/>\nAno de edi\u00e7\u00e3o: 1996 (Primeira edi\u00e7\u00e3o)<br \/>\nEditor: Lizard Edizioni, srl, Roma<br \/>\nIdioma: Italiano<br \/>\nDimens\u00f5es: 17 x 0.5 x 24<br \/>\nEncaderna\u00e7\u00e3o: Capa mole<br \/>\nP\u00e1ginas: 38<\/p>\n","protected":false},"excerpt":{"rendered":"<p>CORTO MALTESE: il segreto di Tristan Bantam Hugo Pratt ISBN: 88-86456-27-1 Ano de edi\u00e7\u00e3o: 1996 (Primeira edi\u00e7\u00e3o) Editor: Lizard Edizioni, srl, Roma Idioma: Italiano Dimens\u00f5es: 17 x 0.5 x 24 Encaderna\u00e7\u00e3o: Capa mole P\u00e1ginas: 38<\/p>\n","protected":false},"featured_media":1067,"comment_status":"open","ping_status":"closed","template":"","meta":{"om_disable_all_campaigns":false,"_monsterinsights_skip_tracking":false,"_monsterinsights_sitenote_active":false,"_monsterinsights_sitenote_note":"","_monsterinsights_sitenote_category":0,"_uf_show_specific_survey":0,"_uf_disable_surveys":false},"product_cat":[35],"product_tag":[],"aioseo_notices":[],"jetpack_sharing_enabled":true,"_links":{"self":[{"href":"https:\/\/casadolivreiro.pt\/index.php\/wp-json\/wp\/v2\/product\/1066"}],"collection":[{"href":"https:\/\/casadolivreiro.pt\/index.php\/wp-json\/wp\/v2\/product"}],"about":[{"href":"https:\/\/casadolivreiro.pt\/index.php\/wp-json\/wp\/v2\/types\/product"}],"replies":[{"embeddable":true,"href":"https:\/\/casadolivreiro.pt\/index.php\/wp-json\/wp\/v2\/comments?post=1066"}],"wp:featuredmedia":[{"embeddable":true,"href":"https:\/\/casadolivreiro.pt\/index.php\/wp-json\/wp\/v2\/media\/1067"}],"wp:attachment":[{"href":"https:\/\/casadolivreiro.pt\/index.php\/wp-json\/wp\/v2\/media?parent=1066"}],"wp:term":[{"taxonomy":"product_cat","embeddable":true,"href":"https:\/\/casadolivreiro.pt\/index.php\/wp-json\/wp\/v2\/product_cat?post=1066"},{"taxonomy":"product_tag","embeddable":true,"href":"https:\/\/casadolivreiro.pt\/index.php\/wp-json\/wp\/v2\/product_tag?post=1066"}],"curies":[{"name":"wp","href":"https:\/\/api.w.org\/{rel}","templated":true}]}}