{"id":1061,"date":"2024-03-22T19:35:48","date_gmt":"2024-03-22T19:35:48","guid":{"rendered":"https:\/\/casadolivreiro.pt\/?post_type=product&#038;p=1061"},"modified":"2024-03-22T19:35:48","modified_gmt":"2024-03-22T19:35:48","slug":"as-melhores-aventuras-de-tintin-por-herge-no-1-no-10-as-7-bolas-de-cristal-parte-i-vi-e-o-templo-do-sol-parte-i-v","status":"publish","type":"product","link":"https:\/\/casadolivreiro.pt\/index.php\/product\/as-melhores-aventuras-de-tintin-por-herge-no-1-no-10-as-7-bolas-de-cristal-parte-i-vi-e-o-templo-do-sol-parte-i-v\/","title":{"rendered":"AS MELHORES AVENTURAS DE TINTIN por HERG\u00c9 No.1 \u2013 No. 10: AS 7 BOLAS DE CRISTAL (Parte I -VI) e O TEMPLO DO SOL (Parte I-V)"},"content":{"rendered":"<p>AS MELHORES AVENTURAS DE TINTIN por HERG\u00c9<br \/>\nNo.1 \u2013 No. 10: AS 7 BOLAS DE CRISTAL (Parte I -VI) e O TEMPLO DO SOL (Parte I-V)<br \/>\nAno de edi\u00e7\u00e3o: 1993<br \/>\nEditor: O INDEPENDENTE<br \/>\nIdioma: Portugu\u00eas<br \/>\nDimens\u00f5es: 23 x 30.5<br \/>\nEncaderna\u00e7\u00e3o: Capa dura<br \/>\nP\u00e1ginas: 54<\/p>\n","protected":false},"excerpt":{"rendered":"<p>AS MELHORES AVENTURAS DE TINTIN por HERG\u00c9 No.1 \u2013 No. 10: AS 7 BOLAS DE CRISTAL (Parte I -VI) e O TEMPLO DO SOL (Parte I-V) Ano de edi\u00e7\u00e3o: 1993 Editor: O INDEPENDENTE Idioma: Portugu\u00eas Dimens\u00f5es: 23 x 30.5 Encaderna\u00e7\u00e3o: Capa dura P\u00e1ginas: 54<\/p>\n","protected":false},"featured_media":1062,"comment_status":"open","ping_status":"closed","template":"","meta":{"om_disable_all_campaigns":false,"_monsterinsights_skip_tracking":false,"_monsterinsights_sitenote_active":false,"_monsterinsights_sitenote_note":"","_monsterinsights_sitenote_category":0,"_uf_show_specific_survey":0,"_uf_disable_surveys":false},"product_cat":[35],"product_tag":[],"aioseo_notices":[],"jetpack_sharing_enabled":true,"_links":{"self":[{"href":"https:\/\/casadolivreiro.pt\/index.php\/wp-json\/wp\/v2\/product\/1061"}],"collection":[{"href":"https:\/\/casadolivreiro.pt\/index.php\/wp-json\/wp\/v2\/product"}],"about":[{"href":"https:\/\/casadolivreiro.pt\/index.php\/wp-json\/wp\/v2\/types\/product"}],"replies":[{"embeddable":true,"href":"https:\/\/casadolivreiro.pt\/index.php\/wp-json\/wp\/v2\/comments?post=1061"}],"wp:featuredmedia":[{"embeddable":true,"href":"https:\/\/casadolivreiro.pt\/index.php\/wp-json\/wp\/v2\/media\/1062"}],"wp:attachment":[{"href":"https:\/\/casadolivreiro.pt\/index.php\/wp-json\/wp\/v2\/media?parent=1061"}],"wp:term":[{"taxonomy":"product_cat","embeddable":true,"href":"https:\/\/casadolivreiro.pt\/index.php\/wp-json\/wp\/v2\/product_cat?post=1061"},{"taxonomy":"product_tag","embeddable":true,"href":"https:\/\/casadolivreiro.pt\/index.php\/wp-json\/wp\/v2\/product_tag?post=1061"}],"curies":[{"name":"wp","href":"https:\/\/api.w.org\/{rel}","templated":true}]}}