{"id":1055,"date":"2024-03-21T23:41:35","date_gmt":"2024-03-21T23:41:35","guid":{"rendered":"https:\/\/casadolivreiro.pt\/?post_type=product&#038;p=1055"},"modified":"2024-03-21T23:41:35","modified_gmt":"2024-03-21T23:41:35","slug":"collins-easy-learning-english-verbs","status":"publish","type":"product","link":"https:\/\/casadolivreiro.pt\/index.php\/product\/collins-easy-learning-english-verbs\/","title":{"rendered":"COLLINS EASY LEARNING ENGLISH VERBS"},"content":{"rendered":"<p>COLLINS EASY LEARNING ENGLISH VERBS<br \/>\nISBN: 978-0-00-734064-4<br \/>\nAno de edi\u00e7\u00e3o: 2010<br \/>\nEditor: HarperCollins Publishers<br \/>\nIdioma: Ingl\u00eas<br \/>\nDimens\u00f5es: 12.8 x 1.9 x 19.5 cm<br \/>\nEncaderna\u00e7\u00e3o: Capa mole<br \/>\nP\u00e1ginas: 248<\/p>\n","protected":false},"excerpt":{"rendered":"<p>COLLINS EASY LEARNING ENGLISH VERBS ISBN: 978-0-00-734064-4 Ano de edi\u00e7\u00e3o: 2010 Editor: HarperCollins Publishers Idioma: Ingl\u00eas Dimens\u00f5es: 12.8 x 1.9 x 19.5 cm Encaderna\u00e7\u00e3o: Capa mole P\u00e1ginas: 248<\/p>\n","protected":false},"featured_media":1056,"comment_status":"open","ping_status":"closed","template":"","meta":{"om_disable_all_campaigns":false,"_monsterinsights_skip_tracking":false,"_monsterinsights_sitenote_active":false,"_monsterinsights_sitenote_note":"","_monsterinsights_sitenote_category":0,"_uf_show_specific_survey":0,"_uf_disable_surveys":false},"product_cat":[45],"product_tag":[],"aioseo_notices":[],"jetpack_sharing_enabled":true,"_links":{"self":[{"href":"https:\/\/casadolivreiro.pt\/index.php\/wp-json\/wp\/v2\/product\/1055"}],"collection":[{"href":"https:\/\/casadolivreiro.pt\/index.php\/wp-json\/wp\/v2\/product"}],"about":[{"href":"https:\/\/casadolivreiro.pt\/index.php\/wp-json\/wp\/v2\/types\/product"}],"replies":[{"embeddable":true,"href":"https:\/\/casadolivreiro.pt\/index.php\/wp-json\/wp\/v2\/comments?post=1055"}],"wp:featuredmedia":[{"embeddable":true,"href":"https:\/\/casadolivreiro.pt\/index.php\/wp-json\/wp\/v2\/media\/1056"}],"wp:attachment":[{"href":"https:\/\/casadolivreiro.pt\/index.php\/wp-json\/wp\/v2\/media?parent=1055"}],"wp:term":[{"taxonomy":"product_cat","embeddable":true,"href":"https:\/\/casadolivreiro.pt\/index.php\/wp-json\/wp\/v2\/product_cat?post=1055"},{"taxonomy":"product_tag","embeddable":true,"href":"https:\/\/casadolivreiro.pt\/index.php\/wp-json\/wp\/v2\/product_tag?post=1055"}],"curies":[{"name":"wp","href":"https:\/\/api.w.org\/{rel}","templated":true}]}}