{"id":1051,"date":"2024-03-21T23:31:58","date_gmt":"2024-03-21T23:31:58","guid":{"rendered":"https:\/\/casadolivreiro.pt\/?post_type=product&#038;p=1051"},"modified":"2024-03-21T23:31:58","modified_gmt":"2024-03-21T23:31:58","slug":"practical-english-usage-michael-swan-2","status":"publish","type":"product","link":"https:\/\/casadolivreiro.pt\/index.php\/product\/practical-english-usage-michael-swan-2\/","title":{"rendered":"PRACTICAL ENGLISH USAGE &#8211; Michael Swan"},"content":{"rendered":"<p>PRACTICAL ENGLISH USAGE<br \/>\nMichael Swan<br \/>\nISBN: 0 19 431186 4<br \/>\nAno de edi\u00e7\u00e3o: 1982<br \/>\nEditor: Oxford University Press<br \/>\nIdioma: Ingl\u00eas<br \/>\nDimens\u00f5es: 14 x 2.5 x 21.5 cm<br \/>\nEncaderna\u00e7\u00e3o: Capa mole<br \/>\nP\u00e1ginas: 639<\/p>\n","protected":false},"excerpt":{"rendered":"<p>PRACTICAL ENGLISH USAGE Michael Swan ISBN: 0 19 431186 4 Ano de edi\u00e7\u00e3o: 1982 Editor: Oxford University Press Idioma: Ingl\u00eas Dimens\u00f5es: 14 x 2.5 x 21.5 cm Encaderna\u00e7\u00e3o: Capa mole P\u00e1ginas: 639<\/p>\n","protected":false},"featured_media":1052,"comment_status":"open","ping_status":"closed","template":"","meta":{"om_disable_all_campaigns":false,"_monsterinsights_skip_tracking":false,"_monsterinsights_sitenote_active":false,"_monsterinsights_sitenote_note":"","_monsterinsights_sitenote_category":0,"_uf_show_specific_survey":0,"_uf_disable_surveys":false},"product_cat":[45],"product_tag":[],"aioseo_notices":[],"jetpack_sharing_enabled":true,"_links":{"self":[{"href":"https:\/\/casadolivreiro.pt\/index.php\/wp-json\/wp\/v2\/product\/1051"}],"collection":[{"href":"https:\/\/casadolivreiro.pt\/index.php\/wp-json\/wp\/v2\/product"}],"about":[{"href":"https:\/\/casadolivreiro.pt\/index.php\/wp-json\/wp\/v2\/types\/product"}],"replies":[{"embeddable":true,"href":"https:\/\/casadolivreiro.pt\/index.php\/wp-json\/wp\/v2\/comments?post=1051"}],"wp:featuredmedia":[{"embeddable":true,"href":"https:\/\/casadolivreiro.pt\/index.php\/wp-json\/wp\/v2\/media\/1052"}],"wp:attachment":[{"href":"https:\/\/casadolivreiro.pt\/index.php\/wp-json\/wp\/v2\/media?parent=1051"}],"wp:term":[{"taxonomy":"product_cat","embeddable":true,"href":"https:\/\/casadolivreiro.pt\/index.php\/wp-json\/wp\/v2\/product_cat?post=1051"},{"taxonomy":"product_tag","embeddable":true,"href":"https:\/\/casadolivreiro.pt\/index.php\/wp-json\/wp\/v2\/product_tag?post=1051"}],"curies":[{"name":"wp","href":"https:\/\/api.w.org\/{rel}","templated":true}]}}