{"id":1047,"date":"2024-03-21T23:20:45","date_gmt":"2024-03-21T23:20:45","guid":{"rendered":"https:\/\/casadolivreiro.pt\/?post_type=product&#038;p=1047"},"modified":"2024-03-21T23:20:45","modified_gmt":"2024-03-21T23:20:45","slug":"deutsche-sprachlehre-fur-auslander-1-grundstufe-1-teil-dora-schulz-e-heinz-griesbach","status":"publish","type":"product","link":"https:\/\/casadolivreiro.pt\/index.php\/product\/deutsche-sprachlehre-fur-auslander-1-grundstufe-1-teil-dora-schulz-e-heinz-griesbach\/","title":{"rendered":"DEUTSCHE SPRACHLEHRE F\u00dcR AUSL\u00c4NDER 1: Grundstufe 1.Teil &#8211; Dora Schulz e Heinz Griesbach"},"content":{"rendered":"<p>DEUTSCHE SPRACHLEHRE F\u00dcR AUSL\u00c4NDER 1: Grundstufe 1.Teil<br \/>\nDora Schulz e Heinz Griesbach<br \/>\nISBN: 3-19-00.1004-8<br \/>\nAno de edi\u00e7\u00e3o: 1976<br \/>\nEditor: Max Hueber Verlag<br \/>\nIdioma: Alem\u00e3o<br \/>\nDimens\u00f5es: 14.8 x 1 x 20.8 cm<br \/>\nEncaderna\u00e7\u00e3o: Capa mole<br \/>\nP\u00e1ginas: 175<\/p>\n","protected":false},"excerpt":{"rendered":"<p>DEUTSCHE SPRACHLEHRE F\u00dcR AUSL\u00c4NDER 1: Grundstufe 1.Teil Dora Schulz e Heinz Griesbach ISBN: 3-19-00.1004-8 Ano de edi\u00e7\u00e3o: 1976 Editor: Max Hueber Verlag Idioma: Alem\u00e3o Dimens\u00f5es: 14.8 x 1 x 20.8 cm Encaderna\u00e7\u00e3o: Capa mole P\u00e1ginas: 175<\/p>\n","protected":false},"featured_media":1048,"comment_status":"open","ping_status":"closed","template":"","meta":{"om_disable_all_campaigns":false,"_monsterinsights_skip_tracking":false,"_monsterinsights_sitenote_active":false,"_monsterinsights_sitenote_note":"","_monsterinsights_sitenote_category":0,"_uf_show_specific_survey":0,"_uf_disable_surveys":false},"product_cat":[45],"product_tag":[],"aioseo_notices":[],"jetpack_sharing_enabled":true,"_links":{"self":[{"href":"https:\/\/casadolivreiro.pt\/index.php\/wp-json\/wp\/v2\/product\/1047"}],"collection":[{"href":"https:\/\/casadolivreiro.pt\/index.php\/wp-json\/wp\/v2\/product"}],"about":[{"href":"https:\/\/casadolivreiro.pt\/index.php\/wp-json\/wp\/v2\/types\/product"}],"replies":[{"embeddable":true,"href":"https:\/\/casadolivreiro.pt\/index.php\/wp-json\/wp\/v2\/comments?post=1047"}],"wp:featuredmedia":[{"embeddable":true,"href":"https:\/\/casadolivreiro.pt\/index.php\/wp-json\/wp\/v2\/media\/1048"}],"wp:attachment":[{"href":"https:\/\/casadolivreiro.pt\/index.php\/wp-json\/wp\/v2\/media?parent=1047"}],"wp:term":[{"taxonomy":"product_cat","embeddable":true,"href":"https:\/\/casadolivreiro.pt\/index.php\/wp-json\/wp\/v2\/product_cat?post=1047"},{"taxonomy":"product_tag","embeddable":true,"href":"https:\/\/casadolivreiro.pt\/index.php\/wp-json\/wp\/v2\/product_tag?post=1047"}],"curies":[{"name":"wp","href":"https:\/\/api.w.org\/{rel}","templated":true}]}}