{"id":1043,"date":"2024-03-21T23:13:55","date_gmt":"2024-03-21T23:13:55","guid":{"rendered":"https:\/\/casadolivreiro.pt\/?post_type=product&#038;p=1043"},"modified":"2024-03-21T23:13:55","modified_gmt":"2024-03-21T23:13:55","slug":"longman-english-grammar-l-g-alexander","status":"publish","type":"product","link":"https:\/\/casadolivreiro.pt\/index.php\/product\/longman-english-grammar-l-g-alexander\/","title":{"rendered":"LONGMAN ENGLISH GRAMMAR &#8211; L.G. Alexander"},"content":{"rendered":"<p>LONGMAN ENGLISH GRAMMAR<br \/>\nL.G. Alexander<br \/>\nISBN: 0-582-55892-1<br \/>\nAno de edi\u00e7\u00e3o: 1989<br \/>\nEditor: Longman Group UK Limited<br \/>\nIdioma: Ingl\u00eas<br \/>\nDimens\u00f5es: 14 x 2 x 21.7 cm<br \/>\nEncaderna\u00e7\u00e3o: Capa mole<br \/>\nP\u00e1ginas: 374<\/p>\n","protected":false},"excerpt":{"rendered":"<p>LONGMAN ENGLISH GRAMMAR L.G. Alexander ISBN: 0-582-55892-1 Ano de edi\u00e7\u00e3o: 1989 Editor: Longman Group UK Limited Idioma: Ingl\u00eas Dimens\u00f5es: 14 x 2 x 21.7 cm Encaderna\u00e7\u00e3o: Capa mole P\u00e1ginas: 374<\/p>\n","protected":false},"featured_media":1044,"comment_status":"open","ping_status":"closed","template":"","meta":{"om_disable_all_campaigns":false,"_monsterinsights_skip_tracking":false,"_monsterinsights_sitenote_active":false,"_monsterinsights_sitenote_note":"","_monsterinsights_sitenote_category":0,"_uf_show_specific_survey":0,"_uf_disable_surveys":false},"product_cat":[45],"product_tag":[],"aioseo_notices":[],"jetpack_sharing_enabled":true,"_links":{"self":[{"href":"https:\/\/casadolivreiro.pt\/index.php\/wp-json\/wp\/v2\/product\/1043"}],"collection":[{"href":"https:\/\/casadolivreiro.pt\/index.php\/wp-json\/wp\/v2\/product"}],"about":[{"href":"https:\/\/casadolivreiro.pt\/index.php\/wp-json\/wp\/v2\/types\/product"}],"replies":[{"embeddable":true,"href":"https:\/\/casadolivreiro.pt\/index.php\/wp-json\/wp\/v2\/comments?post=1043"}],"wp:featuredmedia":[{"embeddable":true,"href":"https:\/\/casadolivreiro.pt\/index.php\/wp-json\/wp\/v2\/media\/1044"}],"wp:attachment":[{"href":"https:\/\/casadolivreiro.pt\/index.php\/wp-json\/wp\/v2\/media?parent=1043"}],"wp:term":[{"taxonomy":"product_cat","embeddable":true,"href":"https:\/\/casadolivreiro.pt\/index.php\/wp-json\/wp\/v2\/product_cat?post=1043"},{"taxonomy":"product_tag","embeddable":true,"href":"https:\/\/casadolivreiro.pt\/index.php\/wp-json\/wp\/v2\/product_tag?post=1043"}],"curies":[{"name":"wp","href":"https:\/\/api.w.org\/{rel}","templated":true}]}}