{"id":1039,"date":"2024-03-21T23:06:48","date_gmt":"2024-03-21T23:06:48","guid":{"rendered":"https:\/\/casadolivreiro.pt\/?post_type=product&#038;p=1039"},"modified":"2025-01-06T10:24:27","modified_gmt":"2025-01-06T10:24:27","slug":"langenscheidt-alemao-em-30-dias-angelika-g-beck","status":"publish","type":"product","link":"https:\/\/casadolivreiro.pt\/index.php\/product\/langenscheidt-alemao-em-30-dias-angelika-g-beck\/","title":{"rendered":"LANGENSCHEIDT: ALEM\u00c3O EM 30 DIAS &#8211; Angelika G. Beck"},"content":{"rendered":"<p>LANGENSCHEIDT: ALEM\u00c3O EM 30 DIAS<br \/>\nAngelika G. Beck<br \/>\nISBN: 972-23-3221-X<br \/>\nAno de edi\u00e7\u00e3o: 2004<br \/>\nEditor: Editorial Presen\u00e7a, Barcarena<br \/>\nIdioma: Portugu\u00eas<br \/>\nDimens\u00f5es: 12.5 x 1.7 x 18 cm<br \/>\nEncaderna\u00e7\u00e3o: Capa mole<br \/>\nP\u00e1ginas: 321<\/p>\n","protected":false},"excerpt":{"rendered":"<p>LANGENSCHEIDT: ALEM\u00c3O EM 30 DIAS Angelika G. Beck ISBN: 972-23-3221-X Ano de edi\u00e7\u00e3o: 2004 Editor: Editorial Presen\u00e7a, Barcarena Idioma: Portugu\u00eas Dimens\u00f5es: 12.5 x 1.7 x 18 cm Encaderna\u00e7\u00e3o: Capa mole P\u00e1ginas: 321<\/p>\n","protected":false},"featured_media":1040,"comment_status":"open","ping_status":"closed","template":"","meta":{"om_disable_all_campaigns":false,"_monsterinsights_skip_tracking":false,"_monsterinsights_sitenote_active":false,"_monsterinsights_sitenote_note":"","_monsterinsights_sitenote_category":0,"_uf_show_specific_survey":0,"_uf_disable_surveys":false},"product_cat":[45],"product_tag":[],"aioseo_notices":[],"jetpack_sharing_enabled":true,"_links":{"self":[{"href":"https:\/\/casadolivreiro.pt\/index.php\/wp-json\/wp\/v2\/product\/1039"}],"collection":[{"href":"https:\/\/casadolivreiro.pt\/index.php\/wp-json\/wp\/v2\/product"}],"about":[{"href":"https:\/\/casadolivreiro.pt\/index.php\/wp-json\/wp\/v2\/types\/product"}],"replies":[{"embeddable":true,"href":"https:\/\/casadolivreiro.pt\/index.php\/wp-json\/wp\/v2\/comments?post=1039"}],"wp:featuredmedia":[{"embeddable":true,"href":"https:\/\/casadolivreiro.pt\/index.php\/wp-json\/wp\/v2\/media\/1040"}],"wp:attachment":[{"href":"https:\/\/casadolivreiro.pt\/index.php\/wp-json\/wp\/v2\/media?parent=1039"}],"wp:term":[{"taxonomy":"product_cat","embeddable":true,"href":"https:\/\/casadolivreiro.pt\/index.php\/wp-json\/wp\/v2\/product_cat?post=1039"},{"taxonomy":"product_tag","embeddable":true,"href":"https:\/\/casadolivreiro.pt\/index.php\/wp-json\/wp\/v2\/product_tag?post=1039"}],"curies":[{"name":"wp","href":"https:\/\/api.w.org\/{rel}","templated":true}]}}