{"id":1037,"date":"2024-03-21T23:03:31","date_gmt":"2024-03-21T23:03:31","guid":{"rendered":"https:\/\/casadolivreiro.pt\/?post_type=product&#038;p=1037"},"modified":"2024-03-21T23:03:32","modified_gmt":"2024-03-21T23:03:32","slug":"licoes-de-pedagogia-e-didactica-geral-francisco-de-sousa-loureiro","status":"publish","type":"product","link":"https:\/\/casadolivreiro.pt\/index.php\/product\/licoes-de-pedagogia-e-didactica-geral-francisco-de-sousa-loureiro\/","title":{"rendered":"LI\u00c7\u00d5ES DE PEDAGOGIA E DID\u00c1CTICA GERAL &#8211; Francisco de Sousa Loureiro"},"content":{"rendered":"<p>LI\u00c7\u00d5ES DE PEDAGOGIA E DID\u00c1CTICA GERAL<br \/>\nFrancisco de Sousa Loureiro<br \/>\nAno de edi\u00e7\u00e3o: 1950 ? (4-a edi\u00e7\u00e3o)<br \/>\nEditor: Edi\u00e7\u00e3o do autor<br \/>\nIdioma: Portugu\u00eas<br \/>\nDimens\u00f5es: 14.7 x 2 x 22 cm<br \/>\nEncaderna\u00e7\u00e3o: Capa mole<br \/>\nP\u00e1ginas: 238<\/p>\n<p>Para uso dos Alunos das Escolas do Magist\u00e9rio Prim\u00e1rio. [Por]&#8230;. Professor efectivo dos Liceus e Director do Magist\u00e9rio Prim\u00e1rio de Coimbra. Livraria Gon\u00e7alves. Coimbra. 1950. Brochado. Exemplar n\u00ba 2848 numerado e rubricado pelo autor.<\/p>\n","protected":false},"excerpt":{"rendered":"<p>LI\u00c7\u00d5ES DE PEDAGOGIA E DID\u00c1CTICA GERAL Francisco de Sousa Loureiro Ano de edi\u00e7\u00e3o: 1950 ? (4-a edi\u00e7\u00e3o) Editor: Edi\u00e7\u00e3o do autor Idioma: Portugu\u00eas Dimens\u00f5es: 14.7 x 2 x 22 cm Encaderna\u00e7\u00e3o: Capa mole P\u00e1ginas: 238 Para uso dos Alunos das Escolas do Magist\u00e9rio Prim\u00e1rio. [Por]&#8230;. Professor efectivo dos Liceus e Director do Magist\u00e9rio Prim\u00e1rio de [&hellip;]<\/p>\n","protected":false},"featured_media":1038,"comment_status":"open","ping_status":"closed","template":"","meta":{"om_disable_all_campaigns":false,"_monsterinsights_skip_tracking":false,"_monsterinsights_sitenote_active":false,"_monsterinsights_sitenote_note":"","_monsterinsights_sitenote_category":0,"_uf_show_specific_survey":0,"_uf_disable_surveys":false},"product_cat":[47,29],"product_tag":[],"aioseo_notices":[],"jetpack_sharing_enabled":true,"_links":{"self":[{"href":"https:\/\/casadolivreiro.pt\/index.php\/wp-json\/wp\/v2\/product\/1037"}],"collection":[{"href":"https:\/\/casadolivreiro.pt\/index.php\/wp-json\/wp\/v2\/product"}],"about":[{"href":"https:\/\/casadolivreiro.pt\/index.php\/wp-json\/wp\/v2\/types\/product"}],"replies":[{"embeddable":true,"href":"https:\/\/casadolivreiro.pt\/index.php\/wp-json\/wp\/v2\/comments?post=1037"}],"wp:featuredmedia":[{"embeddable":true,"href":"https:\/\/casadolivreiro.pt\/index.php\/wp-json\/wp\/v2\/media\/1038"}],"wp:attachment":[{"href":"https:\/\/casadolivreiro.pt\/index.php\/wp-json\/wp\/v2\/media?parent=1037"}],"wp:term":[{"taxonomy":"product_cat","embeddable":true,"href":"https:\/\/casadolivreiro.pt\/index.php\/wp-json\/wp\/v2\/product_cat?post=1037"},{"taxonomy":"product_tag","embeddable":true,"href":"https:\/\/casadolivreiro.pt\/index.php\/wp-json\/wp\/v2\/product_tag?post=1037"}],"curies":[{"name":"wp","href":"https:\/\/api.w.org\/{rel}","templated":true}]}}