{"id":1033,"date":"2024-03-21T17:44:32","date_gmt":"2024-03-21T17:44:32","guid":{"rendered":"https:\/\/casadolivreiro.pt\/?post_type=product&#038;p=1033"},"modified":"2024-03-21T17:44:32","modified_gmt":"2024-03-21T17:44:32","slug":"analise-e-interpretacao-da-obra-literaria-intoducao-a-ciencia-da-literatura-vols-2-prof-wolfgang-kayser","status":"publish","type":"product","link":"https:\/\/casadolivreiro.pt\/index.php\/product\/analise-e-interpretacao-da-obra-literaria-intoducao-a-ciencia-da-literatura-vols-2-prof-wolfgang-kayser\/","title":{"rendered":"AN\u00c1LISE E INTERPRETA\u00c7\u00c3O DA OBRA LITER\u00c1RIA (INTODU\u00c7\u00c3O \u00c0 CI\u00caNCIA DA LITERATURA), Vols.2 &#8211; Prof. Wolfgang Kayser"},"content":{"rendered":"<p>AN\u00c1LISE E INTERPRETA\u00c7\u00c3O DA OBRA LITER\u00c1RIA (INTODU\u00c7\u00c3O \u00c0 CI\u00caNCIA DA LITERATURA), Vols.2<br \/>\nProf. Wolfgang Kayser<br \/>\n3.a Edi\u00e7\u00e3o Portuguesa totalmente revista pela 4.a alem\u00e3 por Paulo Quintela<br \/>\nColec\u00e7\u00e3o Studium \u2013 Temas filos\u00f3ficos, jur\u00eddicos, e sociais<br \/>\nAno de edi\u00e7\u00e3o: 1963<br \/>\nEditor: Arm\u00e9nio Amado, Editor, Sucessor &#8211; Coimbra<br \/>\nIdioma: Portugu\u00eas<br \/>\nDimens\u00f5es: 12 x v\u00e1rios x 19 cm<br \/>\nEncaderna\u00e7\u00e3o: Capa mole<br \/>\nP\u00e1ginas: 349 ( I), 406 (II)<\/p>\n","protected":false},"excerpt":{"rendered":"<p>AN\u00c1LISE E INTERPRETA\u00c7\u00c3O DA OBRA LITER\u00c1RIA (INTODU\u00c7\u00c3O \u00c0 CI\u00caNCIA DA LITERATURA), Vols.2 Prof. Wolfgang Kayser 3.a Edi\u00e7\u00e3o Portuguesa totalmente revista pela 4.a alem\u00e3 por Paulo Quintela Colec\u00e7\u00e3o Studium \u2013 Temas filos\u00f3ficos, jur\u00eddicos, e sociais Ano de edi\u00e7\u00e3o: 1963 Editor: Arm\u00e9nio Amado, Editor, Sucessor &#8211; Coimbra Idioma: Portugu\u00eas Dimens\u00f5es: 12 x v\u00e1rios x 19 cm Encaderna\u00e7\u00e3o: [&hellip;]<\/p>\n","protected":false},"featured_media":1034,"comment_status":"open","ping_status":"closed","template":"","meta":{"om_disable_all_campaigns":false,"_monsterinsights_skip_tracking":false,"_monsterinsights_sitenote_active":false,"_monsterinsights_sitenote_note":"","_monsterinsights_sitenote_category":0,"_uf_show_specific_survey":0,"_uf_disable_surveys":false},"product_cat":[31,47],"product_tag":[],"aioseo_notices":[],"jetpack_sharing_enabled":true,"_links":{"self":[{"href":"https:\/\/casadolivreiro.pt\/index.php\/wp-json\/wp\/v2\/product\/1033"}],"collection":[{"href":"https:\/\/casadolivreiro.pt\/index.php\/wp-json\/wp\/v2\/product"}],"about":[{"href":"https:\/\/casadolivreiro.pt\/index.php\/wp-json\/wp\/v2\/types\/product"}],"replies":[{"embeddable":true,"href":"https:\/\/casadolivreiro.pt\/index.php\/wp-json\/wp\/v2\/comments?post=1033"}],"wp:featuredmedia":[{"embeddable":true,"href":"https:\/\/casadolivreiro.pt\/index.php\/wp-json\/wp\/v2\/media\/1034"}],"wp:attachment":[{"href":"https:\/\/casadolivreiro.pt\/index.php\/wp-json\/wp\/v2\/media?parent=1033"}],"wp:term":[{"taxonomy":"product_cat","embeddable":true,"href":"https:\/\/casadolivreiro.pt\/index.php\/wp-json\/wp\/v2\/product_cat?post=1033"},{"taxonomy":"product_tag","embeddable":true,"href":"https:\/\/casadolivreiro.pt\/index.php\/wp-json\/wp\/v2\/product_tag?post=1033"}],"curies":[{"name":"wp","href":"https:\/\/api.w.org\/{rel}","templated":true}]}}