{"id":1029,"date":"2024-03-21T17:37:17","date_gmt":"2024-03-21T17:37:17","guid":{"rendered":"https:\/\/casadolivreiro.pt\/?post_type=product&#038;p=1029"},"modified":"2024-03-21T17:37:17","modified_gmt":"2024-03-21T17:37:17","slug":"mulher-metodo-pratico-de-corte-e-confeccao-vols-5","status":"publish","type":"product","link":"https:\/\/casadolivreiro.pt\/index.php\/product\/mulher-metodo-pratico-de-corte-e-confeccao-vols-5\/","title":{"rendered":"MULHER: M\u00c9TODO PR\u00c1TICO DE CORTE E CONFEC\u00c7\u00c3O (Vols. 5)"},"content":{"rendered":"<p>MULHER: M\u00c9TODO PR\u00c1TICO DE CORTE E CONFEC\u00c7\u00c3O (Vols. 5)<br \/>\nAno de edi\u00e7\u00e3o: 1981<br \/>\nEditor: AFHA Internacional S.A.<br \/>\nIdioma: Portugu\u00eas<br \/>\nDimens\u00f5es: 20.5 x v\u00e1rios x 27 cm<br \/>\nEncaderna\u00e7\u00e3o: Capa dura<br \/>\nP\u00e1ginas: 193 ( I), 261 (II), 211 (III), 133 (IV), 175 (V)<\/p>\n","protected":false},"excerpt":{"rendered":"<p>MULHER: M\u00c9TODO PR\u00c1TICO DE CORTE E CONFEC\u00c7\u00c3O (Vols. 5) Ano de edi\u00e7\u00e3o: 1981 Editor: AFHA Internacional S.A. Idioma: Portugu\u00eas Dimens\u00f5es: 20.5 x v\u00e1rios x 27 cm Encaderna\u00e7\u00e3o: Capa dura P\u00e1ginas: 193 ( I), 261 (II), 211 (III), 133 (IV), 175 (V)<\/p>\n","protected":false},"featured_media":1030,"comment_status":"open","ping_status":"closed","template":"","meta":{"om_disable_all_campaigns":false,"_monsterinsights_skip_tracking":false,"_monsterinsights_sitenote_active":false,"_monsterinsights_sitenote_note":"","_monsterinsights_sitenote_category":0,"_uf_show_specific_survey":0,"_uf_disable_surveys":false},"product_cat":[66],"product_tag":[],"aioseo_notices":[],"jetpack_sharing_enabled":true,"_links":{"self":[{"href":"https:\/\/casadolivreiro.pt\/index.php\/wp-json\/wp\/v2\/product\/1029"}],"collection":[{"href":"https:\/\/casadolivreiro.pt\/index.php\/wp-json\/wp\/v2\/product"}],"about":[{"href":"https:\/\/casadolivreiro.pt\/index.php\/wp-json\/wp\/v2\/types\/product"}],"replies":[{"embeddable":true,"href":"https:\/\/casadolivreiro.pt\/index.php\/wp-json\/wp\/v2\/comments?post=1029"}],"wp:featuredmedia":[{"embeddable":true,"href":"https:\/\/casadolivreiro.pt\/index.php\/wp-json\/wp\/v2\/media\/1030"}],"wp:attachment":[{"href":"https:\/\/casadolivreiro.pt\/index.php\/wp-json\/wp\/v2\/media?parent=1029"}],"wp:term":[{"taxonomy":"product_cat","embeddable":true,"href":"https:\/\/casadolivreiro.pt\/index.php\/wp-json\/wp\/v2\/product_cat?post=1029"},{"taxonomy":"product_tag","embeddable":true,"href":"https:\/\/casadolivreiro.pt\/index.php\/wp-json\/wp\/v2\/product_tag?post=1029"}],"curies":[{"name":"wp","href":"https:\/\/api.w.org\/{rel}","templated":true}]}}