{"id":1027,"date":"2024-03-21T17:33:30","date_gmt":"2024-03-21T17:33:30","guid":{"rendered":"https:\/\/casadolivreiro.pt\/?post_type=product&#038;p=1027"},"modified":"2024-03-21T17:33:30","modified_gmt":"2024-03-21T17:33:30","slug":"grande-dicionario-portugues-frances-de-domingos-de-azevedo","status":"publish","type":"product","link":"https:\/\/casadolivreiro.pt\/index.php\/product\/grande-dicionario-portugues-frances-de-domingos-de-azevedo\/","title":{"rendered":"GRANDE DICION\u00c1RIO PORTUGU\u00caS \u2013 FRANC\u00caS de Domingos de Azevedo"},"content":{"rendered":"<p>GRANDE DICION\u00c1RIO PORTUGU\u00caS \u2013 FRANC\u00caS<br \/>\nde Domingos de Azevedo<br \/>\nAno de edi\u00e7\u00e3o: 1978<br \/>\nEditor: Livraria Bertrand S.A.R.L. Lisboa<br \/>\nIdioma: Portugu\u00eas &#8211; Franc\u00eas<br \/>\nDimens\u00f5es: 17.7 x 5.3 x 26 cm<br \/>\nEncaderna\u00e7\u00e3o: Capa dura<br \/>\nP\u00e1ginas: 1431<\/p>\n","protected":false},"excerpt":{"rendered":"<p>GRANDE DICION\u00c1RIO PORTUGU\u00caS \u2013 FRANC\u00caS de Domingos de Azevedo Ano de edi\u00e7\u00e3o: 1978 Editor: Livraria Bertrand S.A.R.L. Lisboa Idioma: Portugu\u00eas &#8211; Franc\u00eas Dimens\u00f5es: 17.7 x 5.3 x 26 cm Encaderna\u00e7\u00e3o: Capa dura P\u00e1ginas: 1431<\/p>\n","protected":false},"featured_media":1028,"comment_status":"open","ping_status":"closed","template":"","meta":{"om_disable_all_campaigns":false,"_monsterinsights_skip_tracking":false,"_monsterinsights_sitenote_active":false,"_monsterinsights_sitenote_note":"","_monsterinsights_sitenote_category":0,"_uf_show_specific_survey":0,"_uf_disable_surveys":false},"product_cat":[46],"product_tag":[],"aioseo_notices":[],"jetpack_sharing_enabled":true,"_links":{"self":[{"href":"https:\/\/casadolivreiro.pt\/index.php\/wp-json\/wp\/v2\/product\/1027"}],"collection":[{"href":"https:\/\/casadolivreiro.pt\/index.php\/wp-json\/wp\/v2\/product"}],"about":[{"href":"https:\/\/casadolivreiro.pt\/index.php\/wp-json\/wp\/v2\/types\/product"}],"replies":[{"embeddable":true,"href":"https:\/\/casadolivreiro.pt\/index.php\/wp-json\/wp\/v2\/comments?post=1027"}],"wp:featuredmedia":[{"embeddable":true,"href":"https:\/\/casadolivreiro.pt\/index.php\/wp-json\/wp\/v2\/media\/1028"}],"wp:attachment":[{"href":"https:\/\/casadolivreiro.pt\/index.php\/wp-json\/wp\/v2\/media?parent=1027"}],"wp:term":[{"taxonomy":"product_cat","embeddable":true,"href":"https:\/\/casadolivreiro.pt\/index.php\/wp-json\/wp\/v2\/product_cat?post=1027"},{"taxonomy":"product_tag","embeddable":true,"href":"https:\/\/casadolivreiro.pt\/index.php\/wp-json\/wp\/v2\/product_tag?post=1027"}],"curies":[{"name":"wp","href":"https:\/\/api.w.org\/{rel}","templated":true}]}}