{"id":1023,"date":"2024-03-21T17:22:44","date_gmt":"2024-03-21T17:22:44","guid":{"rendered":"https:\/\/casadolivreiro.pt\/?post_type=product&#038;p=1023"},"modified":"2024-03-21T17:22:45","modified_gmt":"2024-03-21T17:22:45","slug":"dicionario-de-portugues-frances-dicionarios-editora","status":"publish","type":"product","link":"https:\/\/casadolivreiro.pt\/index.php\/product\/dicionario-de-portugues-frances-dicionarios-editora\/","title":{"rendered":"DICION\u00c1RIO DE PORTUGU\u00caS \u2013 FRANC\u00caS, Dicion\u00e1rios Editora"},"content":{"rendered":"<p>DICION\u00c1RIO DE PORTUGU\u00caS \u2013 FRANC\u00caS<br \/>\nDicion\u00e1rios Editora<br \/>\nISBN: 972-0-05014-4<br \/>\nAno de edi\u00e7\u00e3o: 1999<br \/>\nEditor: Porto Editora, Porto<br \/>\nIdioma: Portugu\u00eas &#8211; Franc\u00eas<br \/>\nDimens\u00f5es: 16.1 x 5 x 25 cm<br \/>\nEncaderna\u00e7\u00e3o: Capa dura<br \/>\nP\u00e1ginas: 766<\/p>\n","protected":false},"excerpt":{"rendered":"<p>DICION\u00c1RIO DE PORTUGU\u00caS \u2013 FRANC\u00caS Dicion\u00e1rios Editora ISBN: 972-0-05014-4 Ano de edi\u00e7\u00e3o: 1999 Editor: Porto Editora, Porto Idioma: Portugu\u00eas &#8211; Franc\u00eas Dimens\u00f5es: 16.1 x 5 x 25 cm Encaderna\u00e7\u00e3o: Capa dura P\u00e1ginas: 766<\/p>\n","protected":false},"featured_media":1024,"comment_status":"open","ping_status":"closed","template":"","meta":{"om_disable_all_campaigns":false,"_monsterinsights_skip_tracking":false,"_monsterinsights_sitenote_active":false,"_monsterinsights_sitenote_note":"","_monsterinsights_sitenote_category":0,"_uf_show_specific_survey":0,"_uf_disable_surveys":false},"product_cat":[46],"product_tag":[],"aioseo_notices":[],"jetpack_sharing_enabled":true,"_links":{"self":[{"href":"https:\/\/casadolivreiro.pt\/index.php\/wp-json\/wp\/v2\/product\/1023"}],"collection":[{"href":"https:\/\/casadolivreiro.pt\/index.php\/wp-json\/wp\/v2\/product"}],"about":[{"href":"https:\/\/casadolivreiro.pt\/index.php\/wp-json\/wp\/v2\/types\/product"}],"replies":[{"embeddable":true,"href":"https:\/\/casadolivreiro.pt\/index.php\/wp-json\/wp\/v2\/comments?post=1023"}],"wp:featuredmedia":[{"embeddable":true,"href":"https:\/\/casadolivreiro.pt\/index.php\/wp-json\/wp\/v2\/media\/1024"}],"wp:attachment":[{"href":"https:\/\/casadolivreiro.pt\/index.php\/wp-json\/wp\/v2\/media?parent=1023"}],"wp:term":[{"taxonomy":"product_cat","embeddable":true,"href":"https:\/\/casadolivreiro.pt\/index.php\/wp-json\/wp\/v2\/product_cat?post=1023"},{"taxonomy":"product_tag","embeddable":true,"href":"https:\/\/casadolivreiro.pt\/index.php\/wp-json\/wp\/v2\/product_tag?post=1023"}],"curies":[{"name":"wp","href":"https:\/\/api.w.org\/{rel}","templated":true}]}}