{"id":1021,"date":"2024-03-21T17:19:08","date_gmt":"2024-03-21T17:19:08","guid":{"rendered":"https:\/\/casadolivreiro.pt\/?post_type=product&#038;p=1021"},"modified":"2024-03-21T17:19:08","modified_gmt":"2024-03-21T17:19:08","slug":"fundamentos-de-ecologia-eugene-p-odum","status":"publish","type":"product","link":"https:\/\/casadolivreiro.pt\/index.php\/product\/fundamentos-de-ecologia-eugene-p-odum\/","title":{"rendered":"FUNDAMENTOS DE ECOLOGIA &#8211; Eugene P. Odum"},"content":{"rendered":"<p>FUNDAMENTOS DE ECOLOGIA<br \/>\nEugene P. Odum<br \/>\nTradu\u00e7\u00e3o de Ant\u00f3nio Manuel de Azevedo Gomes<br \/>\nAno de edi\u00e7\u00e3o: 1997<br \/>\nEditor: Funda\u00e7\u00e3o Calouste Gulbenkian<br \/>\nIdioma: Portugu\u00eas<br \/>\nDimens\u00f5es: 19 x 5 x 25 cm<br \/>\nEncaderna\u00e7\u00e3o: Capa mole<br \/>\nP\u00e1ginas: 927<br \/>\nIlustrado no texto e em extratexto sobre papel couch\u00e9 com gravuras a cores e a preto e branco.<\/p>\n","protected":false},"excerpt":{"rendered":"<p>FUNDAMENTOS DE ECOLOGIA Eugene P. Odum Tradu\u00e7\u00e3o de Ant\u00f3nio Manuel de Azevedo Gomes Ano de edi\u00e7\u00e3o: 1997 Editor: Funda\u00e7\u00e3o Calouste Gulbenkian Idioma: Portugu\u00eas Dimens\u00f5es: 19 x 5 x 25 cm Encaderna\u00e7\u00e3o: Capa mole P\u00e1ginas: 927 Ilustrado no texto e em extratexto sobre papel couch\u00e9 com gravuras a cores e a preto e branco.<\/p>\n","protected":false},"featured_media":1022,"comment_status":"open","ping_status":"closed","template":"","meta":{"om_disable_all_campaigns":false,"_monsterinsights_skip_tracking":false,"_monsterinsights_sitenote_active":false,"_monsterinsights_sitenote_note":"","_monsterinsights_sitenote_category":0,"_uf_show_specific_survey":0,"_uf_disable_surveys":false},"product_cat":[32],"product_tag":[],"aioseo_notices":[],"jetpack_sharing_enabled":true,"_links":{"self":[{"href":"https:\/\/casadolivreiro.pt\/index.php\/wp-json\/wp\/v2\/product\/1021"}],"collection":[{"href":"https:\/\/casadolivreiro.pt\/index.php\/wp-json\/wp\/v2\/product"}],"about":[{"href":"https:\/\/casadolivreiro.pt\/index.php\/wp-json\/wp\/v2\/types\/product"}],"replies":[{"embeddable":true,"href":"https:\/\/casadolivreiro.pt\/index.php\/wp-json\/wp\/v2\/comments?post=1021"}],"wp:featuredmedia":[{"embeddable":true,"href":"https:\/\/casadolivreiro.pt\/index.php\/wp-json\/wp\/v2\/media\/1022"}],"wp:attachment":[{"href":"https:\/\/casadolivreiro.pt\/index.php\/wp-json\/wp\/v2\/media?parent=1021"}],"wp:term":[{"taxonomy":"product_cat","embeddable":true,"href":"https:\/\/casadolivreiro.pt\/index.php\/wp-json\/wp\/v2\/product_cat?post=1021"},{"taxonomy":"product_tag","embeddable":true,"href":"https:\/\/casadolivreiro.pt\/index.php\/wp-json\/wp\/v2\/product_tag?post=1021"}],"curies":[{"name":"wp","href":"https:\/\/api.w.org\/{rel}","templated":true}]}}