{"id":1019,"date":"2024-03-21T17:15:30","date_gmt":"2024-03-21T17:15:30","guid":{"rendered":"https:\/\/casadolivreiro.pt\/?post_type=product&#038;p=1019"},"modified":"2024-03-21T17:15:48","modified_gmt":"2024-03-21T17:15:48","slug":"harpers-biochemistry-a-lange-medical-book-robert-k-murray-peter-a-mayers-daryl-k-granner-victor-w-rodwell","status":"publish","type":"product","link":"https:\/\/casadolivreiro.pt\/index.php\/product\/harpers-biochemistry-a-lange-medical-book-robert-k-murray-peter-a-mayers-daryl-k-granner-victor-w-rodwell\/","title":{"rendered":"HARPER\u2019S BIOCHEMISTRY: a LANGE medical book &#8211; Robert K. Murray, Peter A Mayers, Daryl K. Granner, Victor W. Rodwell"},"content":{"rendered":"<p>HARPER\u2019S BIOCHEMISTRY: a LANGE medical book<br \/>\nRobert K. Murray, Peter A Mayers, Daryl K. Granner, Victor W. Rodwell<br \/>\nISBN: 0-8385-3654-9<br \/>\nAno de edi\u00e7\u00e3o: 2005<br \/>\nEditor: Prentice Hall International Inc. UK<br \/>\nIdioma: Ingl\u00eas<br \/>\nDimens\u00f5es: 18 x 2.9 x 25 cm<br \/>\nEncaderna\u00e7\u00e3o: Capa mole<br \/>\nP\u00e1ginas: 720<\/p>\n","protected":false},"excerpt":{"rendered":"<p>HARPER\u2019S BIOCHEMISTRY: a LANGE medical book Robert K. Murray, Peter A Mayers, Daryl K. Granner, Victor W. Rodwell ISBN: 0-8385-3654-9 Ano de edi\u00e7\u00e3o: 2005 Editor: Prentice Hall International Inc. UK Idioma: Ingl\u00eas Dimens\u00f5es: 18 x 2.9 x 25 cm Encaderna\u00e7\u00e3o: Capa mole P\u00e1ginas: 720<\/p>\n","protected":false},"featured_media":1020,"comment_status":"open","ping_status":"closed","template":"","meta":{"om_disable_all_campaigns":false,"_monsterinsights_skip_tracking":false,"_monsterinsights_sitenote_active":false,"_monsterinsights_sitenote_note":"","_monsterinsights_sitenote_category":0,"_uf_show_specific_survey":0,"_uf_disable_surveys":false},"product_cat":[32],"product_tag":[],"aioseo_notices":[],"jetpack_sharing_enabled":true,"_links":{"self":[{"href":"https:\/\/casadolivreiro.pt\/index.php\/wp-json\/wp\/v2\/product\/1019"}],"collection":[{"href":"https:\/\/casadolivreiro.pt\/index.php\/wp-json\/wp\/v2\/product"}],"about":[{"href":"https:\/\/casadolivreiro.pt\/index.php\/wp-json\/wp\/v2\/types\/product"}],"replies":[{"embeddable":true,"href":"https:\/\/casadolivreiro.pt\/index.php\/wp-json\/wp\/v2\/comments?post=1019"}],"wp:featuredmedia":[{"embeddable":true,"href":"https:\/\/casadolivreiro.pt\/index.php\/wp-json\/wp\/v2\/media\/1020"}],"wp:attachment":[{"href":"https:\/\/casadolivreiro.pt\/index.php\/wp-json\/wp\/v2\/media?parent=1019"}],"wp:term":[{"taxonomy":"product_cat","embeddable":true,"href":"https:\/\/casadolivreiro.pt\/index.php\/wp-json\/wp\/v2\/product_cat?post=1019"},{"taxonomy":"product_tag","embeddable":true,"href":"https:\/\/casadolivreiro.pt\/index.php\/wp-json\/wp\/v2\/product_tag?post=1019"}],"curies":[{"name":"wp","href":"https:\/\/api.w.org\/{rel}","templated":true}]}}