{"id":1014,"date":"2024-03-21T17:07:30","date_gmt":"2024-03-21T17:07:30","guid":{"rendered":"https:\/\/casadolivreiro.pt\/?post_type=product&#038;p=1014"},"modified":"2024-03-21T17:09:21","modified_gmt":"2024-03-21T17:09:21","slug":"organic-chemistry-ii-for-dummies-john-t-moore-edd-e-richard-h-langley-phd","status":"publish","type":"product","link":"https:\/\/casadolivreiro.pt\/index.php\/product\/organic-chemistry-ii-for-dummies-john-t-moore-edd-e-richard-h-langley-phd\/","title":{"rendered":"ORGANIC CHEMISTRY II for DUMMIES &#8211; John T. Moore, EdD, e Richard H. Langley, PhD"},"content":{"rendered":"<p>ORGANIC CHEMISTRY II for DUMMIES<br \/>\nJohn T. Moore, EdD, e Richard H. Langley, PhD<br \/>\nISBN: 978-0-470-17815-7<br \/>\nAno de edi\u00e7\u00e3o: 2010<br \/>\nEditor: Wiley Publishing Inc. Hoboken, NJ, US<br \/>\nIdioma: Ingl\u00eas<br \/>\nDimens\u00f5es: 18.5 x 2 x 23.5 cm<br \/>\nEncaderna\u00e7\u00e3o: Capa mole<br \/>\nP\u00e1ginas: 362<\/p>\n","protected":false},"excerpt":{"rendered":"<p>ORGANIC CHEMISTRY II for DUMMIES John T. Moore, EdD, e Richard H. Langley, PhD ISBN: 978-0-470-17815-7 Ano de edi\u00e7\u00e3o: 2010 Editor: Wiley Publishing Inc. Hoboken, NJ, US Idioma: Ingl\u00eas Dimens\u00f5es: 18.5 x 2 x 23.5 cm Encaderna\u00e7\u00e3o: Capa mole P\u00e1ginas: 362<\/p>\n","protected":false},"featured_media":1016,"comment_status":"open","ping_status":"closed","template":"","meta":{"om_disable_all_campaigns":false,"_monsterinsights_skip_tracking":false,"_monsterinsights_sitenote_active":false,"_monsterinsights_sitenote_note":"","_monsterinsights_sitenote_category":0,"_uf_show_specific_survey":0,"_uf_disable_surveys":false},"product_cat":[32,55],"product_tag":[],"aioseo_notices":[],"jetpack_sharing_enabled":true,"_links":{"self":[{"href":"https:\/\/casadolivreiro.pt\/index.php\/wp-json\/wp\/v2\/product\/1014"}],"collection":[{"href":"https:\/\/casadolivreiro.pt\/index.php\/wp-json\/wp\/v2\/product"}],"about":[{"href":"https:\/\/casadolivreiro.pt\/index.php\/wp-json\/wp\/v2\/types\/product"}],"replies":[{"embeddable":true,"href":"https:\/\/casadolivreiro.pt\/index.php\/wp-json\/wp\/v2\/comments?post=1014"}],"wp:featuredmedia":[{"embeddable":true,"href":"https:\/\/casadolivreiro.pt\/index.php\/wp-json\/wp\/v2\/media\/1016"}],"wp:attachment":[{"href":"https:\/\/casadolivreiro.pt\/index.php\/wp-json\/wp\/v2\/media?parent=1014"}],"wp:term":[{"taxonomy":"product_cat","embeddable":true,"href":"https:\/\/casadolivreiro.pt\/index.php\/wp-json\/wp\/v2\/product_cat?post=1014"},{"taxonomy":"product_tag","embeddable":true,"href":"https:\/\/casadolivreiro.pt\/index.php\/wp-json\/wp\/v2\/product_tag?post=1014"}],"curies":[{"name":"wp","href":"https:\/\/api.w.org\/{rel}","templated":true}]}}