{"id":1010,"date":"2024-03-21T17:00:34","date_gmt":"2024-03-21T17:00:34","guid":{"rendered":"https:\/\/casadolivreiro.pt\/?post_type=product&#038;p=1010"},"modified":"2024-03-21T17:00:34","modified_gmt":"2024-03-21T17:00:34","slug":"estudos-de-determinacao-a-operacao-de-quantificacao-qualificacao-em-sintagmas-nominais-clara-nunes-correia","status":"publish","type":"product","link":"https:\/\/casadolivreiro.pt\/index.php\/product\/estudos-de-determinacao-a-operacao-de-quantificacao-qualificacao-em-sintagmas-nominais-clara-nunes-correia\/","title":{"rendered":"ESTUDOS DE DETERMINA\u00c7\u00c3O: A OPERA\u00c7\u00c3O DE QUANTIFICA\u00c7\u00c3O-QUALIFICA\u00c7\u00c3O EM SINTAGMAS NOMINAIS &#8211; Clara Nunes Correia"},"content":{"rendered":"<p>ESTUDOS DE DETERMINA\u00c7\u00c3O: A OPERA\u00c7\u00c3O DE QUANTIFICA\u00c7\u00c3O-QUALIFICA\u00c7\u00c3O EM SINTAGMAS NOMINAIS<br \/>\nClara Nunes Correia<br \/>\nTextos Universit\u00e1rios de Ci\u00eancias sociais e humanas<br \/>\nISBN: 972-31-0981-6<br \/>\nAno de edi\u00e7\u00e3o: 2002<br \/>\nEditor: Funda\u00e7\u00e3o Calouste Gulbenkian<br \/>\nIdioma: Portugu\u00eas<br \/>\nDimens\u00f5es: 16.2 x 2.1 x 23 cm<br \/>\nEncaderna\u00e7\u00e3o: Capa mole<br \/>\nP\u00e1ginas: 389<\/p>\n","protected":false},"excerpt":{"rendered":"<p>ESTUDOS DE DETERMINA\u00c7\u00c3O: A OPERA\u00c7\u00c3O DE QUANTIFICA\u00c7\u00c3O-QUALIFICA\u00c7\u00c3O EM SINTAGMAS NOMINAIS Clara Nunes Correia Textos Universit\u00e1rios de Ci\u00eancias sociais e humanas ISBN: 972-31-0981-6 Ano de edi\u00e7\u00e3o: 2002 Editor: Funda\u00e7\u00e3o Calouste Gulbenkian Idioma: Portugu\u00eas Dimens\u00f5es: 16.2 x 2.1 x 23 cm Encaderna\u00e7\u00e3o: Capa mole P\u00e1ginas: 389<\/p>\n","protected":false},"featured_media":1011,"comment_status":"open","ping_status":"closed","template":"","meta":{"om_disable_all_campaigns":false,"_monsterinsights_skip_tracking":false,"_monsterinsights_sitenote_active":false,"_monsterinsights_sitenote_note":"","_monsterinsights_sitenote_category":0,"_uf_show_specific_survey":0,"_uf_disable_surveys":false},"product_cat":[31],"product_tag":[],"aioseo_notices":[],"jetpack_sharing_enabled":true,"_links":{"self":[{"href":"https:\/\/casadolivreiro.pt\/index.php\/wp-json\/wp\/v2\/product\/1010"}],"collection":[{"href":"https:\/\/casadolivreiro.pt\/index.php\/wp-json\/wp\/v2\/product"}],"about":[{"href":"https:\/\/casadolivreiro.pt\/index.php\/wp-json\/wp\/v2\/types\/product"}],"replies":[{"embeddable":true,"href":"https:\/\/casadolivreiro.pt\/index.php\/wp-json\/wp\/v2\/comments?post=1010"}],"wp:featuredmedia":[{"embeddable":true,"href":"https:\/\/casadolivreiro.pt\/index.php\/wp-json\/wp\/v2\/media\/1011"}],"wp:attachment":[{"href":"https:\/\/casadolivreiro.pt\/index.php\/wp-json\/wp\/v2\/media?parent=1010"}],"wp:term":[{"taxonomy":"product_cat","embeddable":true,"href":"https:\/\/casadolivreiro.pt\/index.php\/wp-json\/wp\/v2\/product_cat?post=1010"},{"taxonomy":"product_tag","embeddable":true,"href":"https:\/\/casadolivreiro.pt\/index.php\/wp-json\/wp\/v2\/product_tag?post=1010"}],"curies":[{"name":"wp","href":"https:\/\/api.w.org\/{rel}","templated":true}]}}