{"id":1008,"date":"2024-03-21T16:57:06","date_gmt":"2024-03-21T16:57:06","guid":{"rendered":"https:\/\/casadolivreiro.pt\/?post_type=product&#038;p=1008"},"modified":"2024-03-21T16:57:06","modified_gmt":"2024-03-21T16:57:06","slug":"matematica-compendio-base-ciclo-preparatorio-2-ano-antonio-augusto-lopes","status":"publish","type":"product","link":"https:\/\/casadolivreiro.pt\/index.php\/product\/matematica-compendio-base-ciclo-preparatorio-2-ano-antonio-augusto-lopes\/","title":{"rendered":"MATEM\u00c1TICA: COMP\u00caNDIO BASE, Ciclo Preparat\u00f3rio (2. Ano) &#8211; Ant\u00f3nio Augusto Lopes"},"content":{"rendered":"<p>MATEM\u00c1TICA: COMP\u00caNDIO BASE, Ciclo Preparat\u00f3rio (2. Ano)<br \/>\nAnt\u00f3nio Augusto Lopes<br \/>\nAno de edi\u00e7\u00e3o:\u00a0 1976<br \/>\nEditor: Porto Editora Lda. Porto<br \/>\nIdioma: Portugu\u00eas<br \/>\nDimens\u00f5es: 16.5\u00a0 x 1.2 x 23 cm<br \/>\nEncaderna\u00e7\u00e3o: Capa mole.<br \/>\nP\u00e1ginas: 256<\/p>\n","protected":false},"excerpt":{"rendered":"<p>MATEM\u00c1TICA: COMP\u00caNDIO BASE, Ciclo Preparat\u00f3rio (2. Ano) Ant\u00f3nio Augusto Lopes Ano de edi\u00e7\u00e3o:\u00a0 1976 Editor: Porto Editora Lda. Porto Idioma: Portugu\u00eas Dimens\u00f5es: 16.5\u00a0 x 1.2 x 23 cm Encaderna\u00e7\u00e3o: Capa mole. P\u00e1ginas: 256<\/p>\n","protected":false},"featured_media":1009,"comment_status":"open","ping_status":"closed","template":"","meta":{"om_disable_all_campaigns":false,"_monsterinsights_skip_tracking":false,"_monsterinsights_sitenote_active":false,"_monsterinsights_sitenote_note":"","_monsterinsights_sitenote_category":0,"_uf_show_specific_survey":0,"_uf_disable_surveys":false},"product_cat":[32],"product_tag":[],"aioseo_notices":[],"jetpack_sharing_enabled":true,"_links":{"self":[{"href":"https:\/\/casadolivreiro.pt\/index.php\/wp-json\/wp\/v2\/product\/1008"}],"collection":[{"href":"https:\/\/casadolivreiro.pt\/index.php\/wp-json\/wp\/v2\/product"}],"about":[{"href":"https:\/\/casadolivreiro.pt\/index.php\/wp-json\/wp\/v2\/types\/product"}],"replies":[{"embeddable":true,"href":"https:\/\/casadolivreiro.pt\/index.php\/wp-json\/wp\/v2\/comments?post=1008"}],"wp:featuredmedia":[{"embeddable":true,"href":"https:\/\/casadolivreiro.pt\/index.php\/wp-json\/wp\/v2\/media\/1009"}],"wp:attachment":[{"href":"https:\/\/casadolivreiro.pt\/index.php\/wp-json\/wp\/v2\/media?parent=1008"}],"wp:term":[{"taxonomy":"product_cat","embeddable":true,"href":"https:\/\/casadolivreiro.pt\/index.php\/wp-json\/wp\/v2\/product_cat?post=1008"},{"taxonomy":"product_tag","embeddable":true,"href":"https:\/\/casadolivreiro.pt\/index.php\/wp-json\/wp\/v2\/product_tag?post=1008"}],"curies":[{"name":"wp","href":"https:\/\/api.w.org\/{rel}","templated":true}]}}