{"id":1004,"date":"2024-03-21T16:49:13","date_gmt":"2024-03-21T16:49:13","guid":{"rendered":"https:\/\/casadolivreiro.pt\/?post_type=product&#038;p=1004"},"modified":"2024-03-21T16:49:13","modified_gmt":"2024-03-21T16:49:13","slug":"calculo-funcoes-de-mais-de-uma-variavel-nilson-jose-machado","status":"publish","type":"product","link":"https:\/\/casadolivreiro.pt\/index.php\/product\/calculo-funcoes-de-mais-de-uma-variavel-nilson-jose-machado\/","title":{"rendered":"C\u00c1LCULO: Fun\u00e7\u00f5es de Mais de Uma Vari\u00e1vel &#8211; Nilson Jos\u00e9 Machado"},"content":{"rendered":"<p>C\u00c1LCULO: Fun\u00e7\u00f5es de Mais de Uma Vari\u00e1vel<br \/>\nNilson Jos\u00e9 Machado<br \/>\nAno de edi\u00e7\u00e3o:\u00a0 1982<br \/>\nEditor: Editora Guanabara Dois S.A. Rio de Janeiro<br \/>\nIdioma: Portugu\u00eas<br \/>\nDimens\u00f5es: 15\u00a0 x 1.1 x 23 cm<br \/>\nEncaderna\u00e7\u00e3o: Capa mole.<br \/>\nP\u00e1ginas: 227<\/p>\n","protected":false},"excerpt":{"rendered":"<p>C\u00c1LCULO: Fun\u00e7\u00f5es de Mais de Uma Vari\u00e1vel Nilson Jos\u00e9 Machado Ano de edi\u00e7\u00e3o:\u00a0 1982 Editor: Editora Guanabara Dois S.A. Rio de Janeiro Idioma: Portugu\u00eas Dimens\u00f5es: 15\u00a0 x 1.1 x 23 cm Encaderna\u00e7\u00e3o: Capa mole. P\u00e1ginas: 227<\/p>\n","protected":false},"featured_media":1005,"comment_status":"open","ping_status":"closed","template":"","meta":{"om_disable_all_campaigns":false,"_monsterinsights_skip_tracking":false,"_monsterinsights_sitenote_active":false,"_monsterinsights_sitenote_note":"","_monsterinsights_sitenote_category":0,"_uf_show_specific_survey":0,"_uf_disable_surveys":false},"product_cat":[32],"product_tag":[],"aioseo_notices":[],"jetpack_sharing_enabled":true,"_links":{"self":[{"href":"https:\/\/casadolivreiro.pt\/index.php\/wp-json\/wp\/v2\/product\/1004"}],"collection":[{"href":"https:\/\/casadolivreiro.pt\/index.php\/wp-json\/wp\/v2\/product"}],"about":[{"href":"https:\/\/casadolivreiro.pt\/index.php\/wp-json\/wp\/v2\/types\/product"}],"replies":[{"embeddable":true,"href":"https:\/\/casadolivreiro.pt\/index.php\/wp-json\/wp\/v2\/comments?post=1004"}],"wp:featuredmedia":[{"embeddable":true,"href":"https:\/\/casadolivreiro.pt\/index.php\/wp-json\/wp\/v2\/media\/1005"}],"wp:attachment":[{"href":"https:\/\/casadolivreiro.pt\/index.php\/wp-json\/wp\/v2\/media?parent=1004"}],"wp:term":[{"taxonomy":"product_cat","embeddable":true,"href":"https:\/\/casadolivreiro.pt\/index.php\/wp-json\/wp\/v2\/product_cat?post=1004"},{"taxonomy":"product_tag","embeddable":true,"href":"https:\/\/casadolivreiro.pt\/index.php\/wp-json\/wp\/v2\/product_tag?post=1004"}],"curies":[{"name":"wp","href":"https:\/\/api.w.org\/{rel}","templated":true}]}}