{"id":1000,"date":"2024-03-21T16:42:09","date_gmt":"2024-03-21T16:42:09","guid":{"rendered":"https:\/\/casadolivreiro.pt\/?post_type=product&#038;p=1000"},"modified":"2024-03-21T16:42:09","modified_gmt":"2024-03-21T16:42:09","slug":"problemas-de-fisico-quimicas-para-o-2-ciclo-armando-de-oliveira","status":"publish","type":"product","link":"https:\/\/casadolivreiro.pt\/index.php\/product\/problemas-de-fisico-quimicas-para-o-2-ciclo-armando-de-oliveira\/","title":{"rendered":"PROBLEMAS DE F\u00cdSICO-QU\u00cdMICAS (para o 2. ciclo) Armando de Oliveira"},"content":{"rendered":"<p>PROBLEMAS DE F\u00cdSICO-QU\u00cdMICAS (para o 2. ciclo)<br \/>\nArmando de Oliveira<br \/>\nAno de edi\u00e7\u00e3o:\u00a0 1957<br \/>\nEditor: Porto Editora, Porto<br \/>\nIdioma: Portugu\u00eas<br \/>\nDimens\u00f5es: 15\u00a0 x 1.5 x 20.5 cm<br \/>\nEncaderna\u00e7\u00e3o: Capa mole.<br \/>\nP\u00e1ginas: 328<\/p>\n<p>Brochado. Ilustrado no texto com desenhos, gravuras, quadros, esquemas, tabelas e f\u00f3rmulas a preto e branco.<\/p>\n","protected":false},"excerpt":{"rendered":"<p>PROBLEMAS DE F\u00cdSICO-QU\u00cdMICAS (para o 2. ciclo) Armando de Oliveira Ano de edi\u00e7\u00e3o:\u00a0 1957 Editor: Porto Editora, Porto Idioma: Portugu\u00eas Dimens\u00f5es: 15\u00a0 x 1.5 x 20.5 cm Encaderna\u00e7\u00e3o: Capa mole. P\u00e1ginas: 328 Brochado. Ilustrado no texto com desenhos, gravuras, quadros, esquemas, tabelas e f\u00f3rmulas a preto e branco.<\/p>\n","protected":false},"featured_media":1001,"comment_status":"open","ping_status":"closed","template":"","meta":{"om_disable_all_campaigns":false,"_monsterinsights_skip_tracking":false,"_monsterinsights_sitenote_active":false,"_monsterinsights_sitenote_note":"","_monsterinsights_sitenote_category":0,"_uf_show_specific_survey":0,"_uf_disable_surveys":false},"product_cat":[32],"product_tag":[],"aioseo_notices":[],"jetpack_sharing_enabled":true,"_links":{"self":[{"href":"https:\/\/casadolivreiro.pt\/index.php\/wp-json\/wp\/v2\/product\/1000"}],"collection":[{"href":"https:\/\/casadolivreiro.pt\/index.php\/wp-json\/wp\/v2\/product"}],"about":[{"href":"https:\/\/casadolivreiro.pt\/index.php\/wp-json\/wp\/v2\/types\/product"}],"replies":[{"embeddable":true,"href":"https:\/\/casadolivreiro.pt\/index.php\/wp-json\/wp\/v2\/comments?post=1000"}],"wp:featuredmedia":[{"embeddable":true,"href":"https:\/\/casadolivreiro.pt\/index.php\/wp-json\/wp\/v2\/media\/1001"}],"wp:attachment":[{"href":"https:\/\/casadolivreiro.pt\/index.php\/wp-json\/wp\/v2\/media?parent=1000"}],"wp:term":[{"taxonomy":"product_cat","embeddable":true,"href":"https:\/\/casadolivreiro.pt\/index.php\/wp-json\/wp\/v2\/product_cat?post=1000"},{"taxonomy":"product_tag","embeddable":true,"href":"https:\/\/casadolivreiro.pt\/index.php\/wp-json\/wp\/v2\/product_tag?post=1000"}],"curies":[{"name":"wp","href":"https:\/\/api.w.org\/{rel}","templated":true}]}}