{"id":202,"date":"2024-03-05T22:17:53","date_gmt":"2024-03-05T22:17:53","guid":{"rendered":"https:\/\/casadolivreiro.pt\/?page_id=202"},"modified":"2026-01-09T18:18:16","modified_gmt":"2026-01-09T18:18:16","slug":"sobre-nos","status":"publish","type":"page","link":"https:\/\/casadolivreiro.pt\/index.php\/sobre-nos\/","title":{"rendered":"SOBRE N\u00d3S"},"content":{"rendered":"\n<p><em><strong>CASA DO LIVREIRO \/ SVN RARE BOOKS: Onde o Passado Encontra o Presente em P\u00e1ginas Eternas<\/strong><\/em><\/p>\n\n\n\n<p>Na<strong> Casa do Livreiro <\/strong> \/ <strong>SVN Rare Books<\/strong>, penetramos as camadas do tempo para resgatar e oferecer a voc\u00ea um acervo que fala aos cora\u00e7\u00f5es dos amantes da literatura, historiadores e conhecedores ecl\u00e9ticos. Nossa miss\u00e3o \u00e9 transcender a simples compra e venda; \u00e9 criar <em>pontes<\/em> entre voc\u00ea e os tesouros liter\u00e1rios que definiram eras.<\/p>\n\n\n\n<p>Na Casa do Livreiro e na SVN Rare Books somos especialistas na aquisi\u00e7\u00e3o e venda de livros antigos, raros e usados de diversos g\u00e9neros liter\u00e1rios. A nossa cole\u00e7\u00e3o inclui primeiras edi\u00e7\u00f5es e manuscritos \u00fanicos e dif\u00edceis de encontrar, cuidadosamente preservados e apresentados a entusiastas e colecionadores de livros de todo o mundo. Se n\u00e3o tivermos o que procura, podemos encontr\u00e1-lo para si. Ligue-nos ou envie-nos um e-mail com as suas quest\u00f5es.<\/p>\n\n\n\n<h3 class=\"wp-block-heading\">Nosso Catalogo Incompar\u00e1vel<\/h3>\n\n\n\n<p>Nosso acervo \u00e9 um mosaico cultural composto por:<\/p>\n\n\n\n<ul>\n<li><strong>Cl\u00e1ssicos da Literatura:<\/strong> Redescubra as obras que moldaram o pensamento e a arte.<\/li>\n\n\n\n<li><strong>T\u00edtulos Hist\u00f3ricos:<\/strong> Viaje no tempo atrav\u00e9s das p\u00e1ginas que contam hist\u00f3rias de eras passadas.<\/li>\n\n\n\n<li><strong>Manuscritos Originais:<\/strong> Conecte-se com a ess\u00eancia do autor ao tocar nas palavras que flu\u00edram de sua pena.<\/li>\n\n\n\n<li><strong>Edi\u00e7\u00f5es Limitadas e Autografadas:<\/strong> Torne sua biblioteca ainda mais exclusiva com pe\u00e7as raras assinadas.<\/li>\n<\/ul>\n\n\n\n<h3 class=\"wp-block-heading\">Servi\u00e7os Personalizados<\/h3>\n\n\n\n<p>N\u00e3o conseguiu encontrar o livro que seu cora\u00e7\u00e3o deseja? Nossa equipe especializada est\u00e1 pronta para ajud\u00e1-lo a rastrear e adquirir essa rel\u00edquia liter\u00e1ria. <strong>Servi\u00e7o de Procura de Livros<\/strong> \u00e9 o que nos diferencia; nos empenhamos n\u00e3o apenas em atender, mas em superar suas expectativas.<\/p>\n\n\n\n<h3 class=\"wp-block-heading\">Entre em Contato<\/h3>\n\n\n\n<p>Estamos aqui para ouvir suas hist\u00f3rias e requisitos. Seja para adicionar um novo cap\u00edtulo \u00e0 sua colec\u00e7\u00e3o ou para ajud\u00e1-lo a descobrir uma j\u00f3ia escondida, estamos ao seu dispor.<\/p>\n\n\n\n<ul>\n<li><strong>Telefone:<\/strong> Uma conversa pode acender a centelha da pr\u00f3xima grande adi\u00e7\u00e3o \u00e0 sua cole\u00e7\u00e3o. ( +351 <strong>9<\/strong>27 877 528 \u00a0)<\/li>\n\n\n\n<li><strong>E-mail:<\/strong> Detalhe suas buscas e deixe-nos entrar na aventura de encontrar o seu pr\u00f3ximo tesouro. ( geral@casadolivreiro.pt   e  info@svnrarebooks.com)<\/li>\n<\/ul>\n\n\n\n<p>Em <strong>Casa do Livreiro<\/strong> \/  <strong>SVN Rare Books<\/strong>, cada livro possui uma alma, uma narrativa que espera ansiosamente para ser compartilhada. Permita-nos abrir o cap\u00edtulo seguinte nesta jornada incr\u00edvel ao seu lado.<\/p>\n","protected":false},"excerpt":{"rendered":"<p>CASA DO LIVREIRO \/ SVN RARE BOOKS: Onde o Passado Encontra o Presente em P\u00e1ginas Eternas Na Casa do Livreiro \/ SVN Rare Books, penetramos as camadas do tempo para resgatar e oferecer a voc\u00ea um acervo que fala aos cora\u00e7\u00f5es dos amantes da literatura, historiadores e conhecedores ecl\u00e9ticos. Nossa miss\u00e3o \u00e9 transcender a simples [&hellip;]<\/p>\n","protected":false},"author":1,"featured_media":0,"parent":0,"menu_order":0,"comment_status":"closed","ping_status":"closed","template":"","meta":{"om_disable_all_campaigns":false,"_monsterinsights_skip_tracking":false,"_monsterinsights_sitenote_active":false,"_monsterinsights_sitenote_note":"","_monsterinsights_sitenote_category":0,"_uf_show_specific_survey":0,"_uf_disable_surveys":false,"footnotes":""},"aioseo_notices":[],"jetpack_sharing_enabled":true,"_links":{"self":[{"href":"https:\/\/casadolivreiro.pt\/index.php\/wp-json\/wp\/v2\/pages\/202"}],"collection":[{"href":"https:\/\/casadolivreiro.pt\/index.php\/wp-json\/wp\/v2\/pages"}],"about":[{"href":"https:\/\/casadolivreiro.pt\/index.php\/wp-json\/wp\/v2\/types\/page"}],"author":[{"embeddable":true,"href":"https:\/\/casadolivreiro.pt\/index.php\/wp-json\/wp\/v2\/users\/1"}],"replies":[{"embeddable":true,"href":"https:\/\/casadolivreiro.pt\/index.php\/wp-json\/wp\/v2\/comments?post=202"}],"version-history":[{"count":3,"href":"https:\/\/casadolivreiro.pt\/index.php\/wp-json\/wp\/v2\/pages\/202\/revisions"}],"predecessor-version":[{"id":5707,"href":"https:\/\/casadolivreiro.pt\/index.php\/wp-json\/wp\/v2\/pages\/202\/revisions\/5707"}],"wp:attachment":[{"href":"https:\/\/casadolivreiro.pt\/index.php\/wp-json\/wp\/v2\/media?parent=202"}],"curies":[{"name":"wp","href":"https:\/\/api.w.org\/{rel}","templated":true}]}}